{"id":8831,"date":"2026-04-02T11:53:28","date_gmt":"2026-04-02T11:53:28","guid":{"rendered":"https:\/\/airomak.net\/product\/adapters-r134a-flex\/"},"modified":"2026-04-02T11:56:39","modified_gmt":"2026-04-02T11:56:39","slug":"adapters-r134a-flex","status":"publish","type":"product","link":"https:\/\/airomak.net\/en\/product\/adapters-r134a-flex\/","title":{"rendered":"ADAPTERS R134A + FLEX"},"content":{"rendered":"<p><span style=\"font-family: Arial;font-size: 10px;font-style: normal;font-weight: 400;letter-spacing: normal;text-align: start;text-indent: 0px;text-transform: none;white-space: pre;text-decoration: none;display: inline !important;float: none\">ADAPTERS R134a + Flex<\/span><\/p>\n<p>Cuple rapide pentru R134 cu furtun flexibil inclus.<\/p>\n<p>&#8211; Datorit\u0103 furtunului flexibil inclus, manevrarea devine mult mai simpl\u0103, permi\u021b\u00e2nd conectarea rapid\u0103 f\u0103r\u0103 efort \u0219i f\u0103r\u0103 riscul deterior\u0103rii racordurilor.<\/p>","protected":false},"excerpt":{"rendered":"<p>ADAPTERS R134a + Flex Cuple rapide pentru R134 cu furtun flexibil inclus. &#8211; Datorit\u0103 furtunului flexibil inclus, manevrarea devine mult mai simpl\u0103, permi\u021b\u00e2nd conectarea rapid\u0103 f\u0103r\u0103 efort \u0219i f\u0103r\u0103 riscul<\/p>","protected":false},"featured_media":0,"comment_status":"open","ping_status":"closed","template":"","meta":{"_acf_changed":false,"_joinchat":[]},"product_brand":[],"product_cat":[344],"product_tag":[],"class_list":{"0":"post-8831","1":"product","2":"type-product","3":"status-publish","5":"product_cat-accesorii-pentru-service-si-intretinerea-hvac","7":"first","8":"instock","9":"shipping-taxable","10":"product-type-simple"},"acf":[],"jetpack_sharing_enabled":true,"_links":{"self":[{"href":"https:\/\/airomak.net\/en\/wp-json\/wp\/v2\/product\/8831","targetHints":{"allow":["GET"]}}],"collection":[{"href":"https:\/\/airomak.net\/en\/wp-json\/wp\/v2\/product"}],"about":[{"href":"https:\/\/airomak.net\/en\/wp-json\/wp\/v2\/types\/product"}],"replies":[{"embeddable":true,"href":"https:\/\/airomak.net\/en\/wp-json\/wp\/v2\/comments?post=8831"}],"wp:attachment":[{"href":"https:\/\/airomak.net\/en\/wp-json\/wp\/v2\/media?parent=8831"}],"wp:term":[{"taxonomy":"product_brand","embeddable":true,"href":"https:\/\/airomak.net\/en\/wp-json\/wp\/v2\/product_brand?post=8831"},{"taxonomy":"product_cat","embeddable":true,"href":"https:\/\/airomak.net\/en\/wp-json\/wp\/v2\/product_cat?post=8831"},{"taxonomy":"product_tag","embeddable":true,"href":"https:\/\/airomak.net\/en\/wp-json\/wp\/v2\/product_tag?post=8831"}],"curies":[{"name":"wp","href":"https:\/\/api.w.org\/{rel}","templated":true}]}}