{"id":8830,"date":"2026-04-02T11:39:00","date_gmt":"2026-04-02T11:39:00","guid":{"rendered":"https:\/\/airomak.net\/product\/interior-purifier-200ml-green-apple\/"},"modified":"2026-04-23T08:07:33","modified_gmt":"2026-04-23T08:07:33","slug":"interior-purifier-200ml-green-apple","status":"publish","type":"product","link":"https:\/\/airomak.net\/en\/product\/interior-purifier-200ml-green-apple\/","title":{"rendered":"INTERIOR PURIFIER 200ML GREEN APPLE"},"content":{"rendered":"<p><span style=\"font-family: Arial;font-size: 10px;font-style: normal;font-weight: 400;letter-spacing: normal;text-align: start;text-indent: 0px;text-transform: none;white-space: pre;text-decoration: none;display: inline !important;float: none\">INTERIOR PURIFIER-200ML-GREEN APPLE<\/span><\/p>\n<p>Tratament Purificant pentru Cabine<\/p>\n<p>&#8211; Doz\u0103 de 200 ml: purific\u0103 rapid habitaclul.<\/p>\n<p>&#8211; Satureaz\u0103 habitaclul cu molecule purificatoare datorit\u0103 fluxului continuu care iese din doza de aerosol cu eliberare total\u0103. \u00cendep\u0103rteaz\u0103 contaminan\u021bii de pe gurile de ventila\u021bie \u0219i suprafe\u021bele aerului condi\u021bionat.<\/p>\n<p>&#8211; Nu ud\u0103 \u0219i nu las\u0103 urme. Ventila\u021bi habitaclul dup\u0103 tratament.<\/p>\n<p>&#8211; Pentru o ac\u021biune complet\u0103 de purificare, Errecom recomand\u0103 utilizarea mai \u00eent\u00e2i a Spumei de Cur\u0103\u021bare pentru Evaporator \u0219i apoi a Purificatorului de Interior.<\/p>","protected":false},"excerpt":{"rendered":"<p>INTERIOR PURIFIER-200ML-GREEN APPLE Tratament Purificant pentru Cabine &#8211; Doz\u0103 de 200 ml: purific\u0103 rapid habitaclul. &#8211; Satureaz\u0103 habitaclul cu molecule purificatoare datorit\u0103 fluxului continuu care iese din doza de aerosol<\/p>","protected":false},"featured_media":0,"comment_status":"open","ping_status":"closed","template":"","meta":{"_acf_changed":false,"_joinchat":[]},"product_brand":[],"product_cat":[334],"product_tag":[],"class_list":{"0":"post-8830","1":"product","2":"type-product","3":"status-publish","5":"product_cat-echipamente-curatare-si-intretinere-ac","7":"first","8":"instock","9":"shipping-taxable","10":"product-type-simple"},"acf":[],"jetpack_sharing_enabled":true,"_links":{"self":[{"href":"https:\/\/airomak.net\/en\/wp-json\/wp\/v2\/product\/8830","targetHints":{"allow":["GET"]}}],"collection":[{"href":"https:\/\/airomak.net\/en\/wp-json\/wp\/v2\/product"}],"about":[{"href":"https:\/\/airomak.net\/en\/wp-json\/wp\/v2\/types\/product"}],"replies":[{"embeddable":true,"href":"https:\/\/airomak.net\/en\/wp-json\/wp\/v2\/comments?post=8830"}],"wp:attachment":[{"href":"https:\/\/airomak.net\/en\/wp-json\/wp\/v2\/media?parent=8830"}],"wp:term":[{"taxonomy":"product_brand","embeddable":true,"href":"https:\/\/airomak.net\/en\/wp-json\/wp\/v2\/product_brand?post=8830"},{"taxonomy":"product_cat","embeddable":true,"href":"https:\/\/airomak.net\/en\/wp-json\/wp\/v2\/product_cat?post=8830"},{"taxonomy":"product_tag","embeddable":true,"href":"https:\/\/airomak.net\/en\/wp-json\/wp\/v2\/product_tag?post=8830"}],"curies":[{"name":"wp","href":"https:\/\/api.w.org\/{rel}","templated":true}]}}