{"id":8828,"date":"2026-04-02T11:18:23","date_gmt":"2026-04-02T11:18:23","guid":{"rendered":"https:\/\/airomak.net\/product\/flushing-test-aerosol-400ml\/"},"modified":"2026-04-22T07:15:54","modified_gmt":"2026-04-22T07:15:54","slug":"flushing-test-aerosol-400ml","status":"publish","type":"product","link":"https:\/\/airomak.net\/en\/product\/flushing-test-aerosol-400ml\/","title":{"rendered":"FLUSHING TEST AEROSOL 400ML"},"content":{"rendered":"<p><span style=\"font-family: Arial;font-size: 10px;font-style: normal;font-weight: 400;letter-spacing: normal;text-align: start;text-indent: 0px;text-transform: none;white-space: pre;text-decoration: none;display: inline !important;float: none\">FLUSHING TEST AEROSOL &#8211; 400ML<\/span><\/p>\n<p>&#8211; Test pentru verificarea cur\u0103\u021b\u0103rii liniilor de refrigerare \u00een sistemele AC\/R<\/p>\n<p>&#8211; Certific\u0103 cur\u0103\u021barea corect\u0103 a condensatoarelor, evaporatoarelor \u0219i liniilor de agent frigorific.<\/p>\n<p>&#8211; Detecteaz\u0103 contaminan\u021bii (umiditate, aciditate, rugin\u0103, praf, ioni metalici \u0219i oxizi) \u00een componentele \u0219i conductele sistemului AC\/R.<\/p>\n<p>&#8211; Rezultat clar \u0219i instantaneu: dac\u0103 se schimb\u0103 culoarea, sistemul nu este curat; dac\u0103 culoarea nu se schimb\u0103, pute\u021bi porni sistemul.<\/p>","protected":false},"excerpt":{"rendered":"<p>FLUSHING TEST AEROSOL &#8211; 400ML &#8211; Test pentru verificarea cur\u0103\u021b\u0103rii liniilor de refrigerare \u00een sistemele AC\/R &#8211; Certific\u0103 cur\u0103\u021barea corect\u0103 a condensatoarelor, evaporatoarelor \u0219i liniilor de agent frigorific. &#8211; Detecteaz\u0103<\/p>","protected":false},"featured_media":0,"comment_status":"open","ping_status":"closed","template":"","meta":{"_acf_changed":false,"_joinchat":[]},"product_brand":[],"product_cat":[334],"product_tag":[],"class_list":{"0":"post-8828","1":"product","2":"type-product","3":"status-publish","5":"product_cat-echipamente-curatare-si-intretinere-ac","7":"first","8":"instock","9":"shipping-taxable","10":"product-type-simple"},"acf":[],"jetpack_sharing_enabled":true,"_links":{"self":[{"href":"https:\/\/airomak.net\/en\/wp-json\/wp\/v2\/product\/8828","targetHints":{"allow":["GET"]}}],"collection":[{"href":"https:\/\/airomak.net\/en\/wp-json\/wp\/v2\/product"}],"about":[{"href":"https:\/\/airomak.net\/en\/wp-json\/wp\/v2\/types\/product"}],"replies":[{"embeddable":true,"href":"https:\/\/airomak.net\/en\/wp-json\/wp\/v2\/comments?post=8828"}],"wp:attachment":[{"href":"https:\/\/airomak.net\/en\/wp-json\/wp\/v2\/media?parent=8828"}],"wp:term":[{"taxonomy":"product_brand","embeddable":true,"href":"https:\/\/airomak.net\/en\/wp-json\/wp\/v2\/product_brand?post=8828"},{"taxonomy":"product_cat","embeddable":true,"href":"https:\/\/airomak.net\/en\/wp-json\/wp\/v2\/product_cat?post=8828"},{"taxonomy":"product_tag","embeddable":true,"href":"https:\/\/airomak.net\/en\/wp-json\/wp\/v2\/product_tag?post=8828"}],"curies":[{"name":"wp","href":"https:\/\/api.w.org\/{rel}","templated":true}]}}