{"id":8826,"date":"2026-04-02T10:02:21","date_gmt":"2026-04-02T10:02:21","guid":{"rendered":"https:\/\/airomak.net\/product\/lr-poe-68-hybrid-dye-250ml\/"},"modified":"2026-04-02T10:08:45","modified_gmt":"2026-04-02T10:08:45","slug":"lr-poe-68-hybrid-dye-250ml","status":"publish","type":"product","link":"https:\/\/airomak.net\/en\/product\/lr-poe-68-hybrid-dye-250ml\/","title":{"rendered":"LR-POE 68 HYBRID + DYE 250ML"},"content":{"rendered":"<p><span style=\"font-family: Arial;font-size: 10px;font-style: normal;font-weight: 400;letter-spacing: normal;text-align: start;text-indent: 0px;text-transform: none;white-space: pre;text-decoration: none;display: inline !important;float: none\">LR-POE 68 HYBRID+DYE 250ML-PLASTIC<\/span><\/p>\n<p>LR-POE 68 HYBRID + DYE \u2013 250 ML este un ulei compresor, ideal pentru sistemele de aer condi\u021bionat auto, inclusiv pentru vehicule hibride \u0219i electrice, fiind recomandat \u00een special pentru opera\u021biuni de service, \u00eentre\u021binere \u0219i detectare rapid\u0103 a scurgerilor de agent frigorific.<\/p>\n<p>Acest ulei sintetic poliolester de \u00eenalt\u0103 calitate are o v\u00e2scozitate ISO 68 \u0219i este special formulat pentru a asigura o lubrifiere eficient\u0103 \u0219i o protec\u021bie excelent\u0103 a compresorului, chiar \u0219i \u00een condi\u021bii de func\u021bionare solicitante. Formula \u201eHYBRID\u201d este conceput\u0103 pentru compatibilitate cu compresoarele electrice, unde este necesar\u0103 o puritate ridicat\u0103 \u0219i un control optim al conductivit\u0103\u021bii.<\/p>\n<p>Produsul con\u021bine \u0219i solu\u021bie de contrast (dye), care permite identificarea rapid\u0103 a scurgerilor cu ajutorul unei l\u0103mpi UV, reduc\u00e2nd semnificativ timpul de diagnostic \u0219i interven\u021bie.<\/p>","protected":false},"excerpt":{"rendered":"<p>LR-POE 68 HYBRID+DYE 250ML-PLASTIC LR-POE 68 HYBRID + DYE \u2013 250 ML este un ulei compresor, ideal pentru sistemele de aer condi\u021bionat auto, inclusiv pentru vehicule hibride \u0219i electrice, fiind<\/p>","protected":false},"featured_media":0,"comment_status":"open","ping_status":"closed","template":"","meta":{"_acf_changed":false,"_joinchat":[]},"product_brand":[],"product_cat":[339],"product_tag":[],"class_list":{"0":"post-8826","1":"product","2":"type-product","3":"status-publish","5":"product_cat-ulei-compresoar-ac-si-frigorifice","7":"first","8":"outofstock","9":"shipping-taxable","10":"product-type-simple"},"acf":[],"jetpack_sharing_enabled":true,"_links":{"self":[{"href":"https:\/\/airomak.net\/en\/wp-json\/wp\/v2\/product\/8826","targetHints":{"allow":["GET"]}}],"collection":[{"href":"https:\/\/airomak.net\/en\/wp-json\/wp\/v2\/product"}],"about":[{"href":"https:\/\/airomak.net\/en\/wp-json\/wp\/v2\/types\/product"}],"replies":[{"embeddable":true,"href":"https:\/\/airomak.net\/en\/wp-json\/wp\/v2\/comments?post=8826"}],"wp:attachment":[{"href":"https:\/\/airomak.net\/en\/wp-json\/wp\/v2\/media?parent=8826"}],"wp:term":[{"taxonomy":"product_brand","embeddable":true,"href":"https:\/\/airomak.net\/en\/wp-json\/wp\/v2\/product_brand?post=8826"},{"taxonomy":"product_cat","embeddable":true,"href":"https:\/\/airomak.net\/en\/wp-json\/wp\/v2\/product_cat?post=8826"},{"taxonomy":"product_tag","embeddable":true,"href":"https:\/\/airomak.net\/en\/wp-json\/wp\/v2\/product_tag?post=8826"}],"curies":[{"name":"wp","href":"https:\/\/api.w.org\/{rel}","templated":true}]}}