{"id":8825,"date":"2026-04-02T09:37:05","date_gmt":"2026-04-02T09:37:05","guid":{"rendered":"https:\/\/airomak.net\/product\/lr-poe-68-hybrid-250ml\/"},"modified":"2026-04-23T08:29:08","modified_gmt":"2026-04-23T08:29:08","slug":"lr-poe-68-hybrid-250ml","status":"publish","type":"product","link":"https:\/\/airomak.net\/en\/product\/lr-poe-68-hybrid-250ml\/","title":{"rendered":"LR POE 68 HYBRID 250ML"},"content":{"rendered":"<p><span style=\"font-family: Arial;font-size: 10px;font-style: normal;font-weight: 400;letter-spacing: normal;text-align: start;text-indent: 0px;text-transform: none;white-space: pre;text-decoration: none;display: inline !important;float: none\">LR-POE 68 H&amp;E &#8211; 250ML PLASTIC BOTTLE<\/span><\/p>\n<p>LR-POE 68 H&amp;E \u2013 250 ML este un ulei sintetic poliolester de \u00eenalt\u0103 performan\u021b\u0103, conceput pentru lubrifierea compresoarelor din sistemele de aer condi\u021bionat \u0219i refrigerare care utilizeaz\u0103 agen\u021bi frigorifici moderni.<\/p>\n<p>Av\u00e2nd o v\u00e2scozitate ISO 68, acest ulei ofer\u0103 o pelicul\u0103 de lubrifiere rezistent\u0103, asigur\u00e2nd protec\u021bie excelent\u0103 \u00eempotriva uzurii chiar \u0219i \u00een condi\u021bii de func\u021bionare solicitante.<\/p>\n<p>Este recomandat pentru sisteme de climatizare comerciale, instala\u021bii frigorifice \u0219i compresoare care func\u021bioneaz\u0103 \u00een regim intens, unde este necesar\u0103 o lubrifiere durabil\u0103 \u0219i eficient\u0103.<\/p>","protected":false},"excerpt":{"rendered":"<p>LR-POE 68 H&amp;E &#8211; 250ML PLASTIC BOTTLE LR-POE 68 H&amp;E \u2013 250 ML este un ulei sintetic poliolester de \u00eenalt\u0103 performan\u021b\u0103, conceput pentru lubrifierea compresoarelor din sistemele de aer condi\u021bionat<\/p>","protected":false},"featured_media":0,"comment_status":"open","ping_status":"closed","template":"","meta":{"_acf_changed":false,"_themeisle_gutenberg_block_has_review":false,"_joinchat":[]},"product_brand":[],"product_cat":[339],"product_tag":[],"class_list":{"0":"post-8825","1":"product","2":"type-product","3":"status-publish","5":"product_cat-ulei-compresoar-ac-si-frigorifice","7":"first","8":"instock","9":"shipping-taxable","10":"product-type-simple"},"acf":[],"jetpack_sharing_enabled":true,"_links":{"self":[{"href":"https:\/\/airomak.net\/en\/wp-json\/wp\/v2\/product\/8825","targetHints":{"allow":["GET"]}}],"collection":[{"href":"https:\/\/airomak.net\/en\/wp-json\/wp\/v2\/product"}],"about":[{"href":"https:\/\/airomak.net\/en\/wp-json\/wp\/v2\/types\/product"}],"replies":[{"embeddable":true,"href":"https:\/\/airomak.net\/en\/wp-json\/wp\/v2\/comments?post=8825"}],"wp:attachment":[{"href":"https:\/\/airomak.net\/en\/wp-json\/wp\/v2\/media?parent=8825"}],"wp:term":[{"taxonomy":"product_brand","embeddable":true,"href":"https:\/\/airomak.net\/en\/wp-json\/wp\/v2\/product_brand?post=8825"},{"taxonomy":"product_cat","embeddable":true,"href":"https:\/\/airomak.net\/en\/wp-json\/wp\/v2\/product_cat?post=8825"},{"taxonomy":"product_tag","embeddable":true,"href":"https:\/\/airomak.net\/en\/wp-json\/wp\/v2\/product_tag?post=8825"}],"curies":[{"name":"wp","href":"https:\/\/api.w.org\/{rel}","templated":true}]}}