{"id":8822,"date":"2026-04-02T08:43:10","date_gmt":"2026-04-02T08:43:10","guid":{"rendered":"https:\/\/airomak.net\/product\/poe-68-1-lt\/"},"modified":"2026-04-02T10:13:14","modified_gmt":"2026-04-02T10:13:14","slug":"poe-68-1-lt","status":"publish","type":"product","link":"https:\/\/airomak.net\/en\/product\/poe-68-1-lt\/","title":{"rendered":"POE 68 1 LT"},"content":{"rendered":"<p>LR-POE &#8211; 68 1LT &#8211; PLASTIC<\/p>\n<p>Lubrifiant sintetic poliolester cu v\u00e2scozitate mediu-ridicat\u0103, conceput pentru aplica\u021bii unde compresoarele func\u021bioneaz\u0103 \u00een condi\u021bii mai solicitante.<\/p>\n<p>Formula sa asigur\u0103 o pelicul\u0103 de lubrifiere mai rezistent\u0103, oferind protec\u021bie superioar\u0103 \u00eempotriva uzurii \u0219i performan\u021be stabile la temperaturi ridicate. Este compatibil cu freoni moderni \u0219i potrivit pentru sisteme frigorifice comerciale sau instala\u021bii HVAC cu sarcin\u0103 medie spre mare.<\/p>\n<p>Se recomand\u0103 \u00een special pentru echipamente care func\u021bioneaz\u0103 intens \u0219i necesit\u0103 o protec\u021bie suplimentar\u0103 a componentelor interne.<\/p>\n<p>Avantajele includ durabilitate crescut\u0103, rezisten\u021b\u0103 la temperaturi ridicate \u0219i performan\u021b\u0103 constant\u0103 \u00een condi\u021bii de lucru dificile.<\/p>","protected":false},"excerpt":{"rendered":"<p>LR-POE &#8211; 68 1LT &#8211; PLASTIC Lubrifiant sintetic poliolester cu v\u00e2scozitate mediu-ridicat\u0103, conceput pentru aplica\u021bii unde compresoarele func\u021bioneaz\u0103 \u00een condi\u021bii mai solicitante. Formula sa asigur\u0103 o pelicul\u0103 de lubrifiere mai<\/p>","protected":false},"featured_media":0,"comment_status":"open","ping_status":"closed","template":"","meta":{"_acf_changed":false,"_themeisle_gutenberg_block_has_review":false,"_joinchat":[]},"product_brand":[],"product_cat":[339],"product_tag":[],"class_list":{"0":"post-8822","1":"product","2":"type-product","3":"status-publish","5":"product_cat-ulei-compresoar-ac-si-frigorifice","7":"first","8":"instock","9":"shipping-taxable","10":"product-type-simple"},"acf":[],"jetpack_sharing_enabled":true,"_links":{"self":[{"href":"https:\/\/airomak.net\/en\/wp-json\/wp\/v2\/product\/8822","targetHints":{"allow":["GET"]}}],"collection":[{"href":"https:\/\/airomak.net\/en\/wp-json\/wp\/v2\/product"}],"about":[{"href":"https:\/\/airomak.net\/en\/wp-json\/wp\/v2\/types\/product"}],"replies":[{"embeddable":true,"href":"https:\/\/airomak.net\/en\/wp-json\/wp\/v2\/comments?post=8822"}],"wp:attachment":[{"href":"https:\/\/airomak.net\/en\/wp-json\/wp\/v2\/media?parent=8822"}],"wp:term":[{"taxonomy":"product_brand","embeddable":true,"href":"https:\/\/airomak.net\/en\/wp-json\/wp\/v2\/product_brand?post=8822"},{"taxonomy":"product_cat","embeddable":true,"href":"https:\/\/airomak.net\/en\/wp-json\/wp\/v2\/product_cat?post=8822"},{"taxonomy":"product_tag","embeddable":true,"href":"https:\/\/airomak.net\/en\/wp-json\/wp\/v2\/product_tag?post=8822"}],"curies":[{"name":"wp","href":"https:\/\/api.w.org\/{rel}","templated":true}]}}