{"id":8821,"date":"2026-04-02T08:36:21","date_gmt":"2026-04-02T08:36:21","guid":{"rendered":"https:\/\/airomak.net\/product\/poe-46-1-lt\/"},"modified":"2026-04-02T10:12:39","modified_gmt":"2026-04-02T10:12:39","slug":"poe-46-1-lt","status":"publish","type":"product","link":"https:\/\/airomak.net\/en\/product\/poe-46-1-lt\/","title":{"rendered":"POE 46 1 LT"},"content":{"rendered":"<p>LR-POE 46 &#8211; 1 LT &#8211; PLASTIC<\/p>\n<p>Ulei sintetic poliolester cu v\u00e2scozitate medie, fiind una dintre cele mai versatile solu\u021bii pentru lubrifierea compresoarelor din instala\u021biile HVAC \u0219i de refrigerare.<\/p>\n<p>Acesta ofer\u0103 un echilibru excelent \u00eentre fluiditate \u0219i protec\u021bia componentelor, fiind compatibil cu o gam\u0103 larg\u0103 de agen\u021bi frigorifici moderni. Performan\u021bele sale \u00eel recomand\u0103 pentru utilizare \u00een sisteme de aer condi\u021bionat reziden\u021biale \u0219i comerciale, precum \u0219i \u00een compresoare scroll sau cu piston.<\/p>\n<p>Este ideal pentru aplica\u021bii standard HVAC, unde se dore\u0219te o func\u021bionare stabil\u0103, eficient\u0103 \u0219i o durat\u0103 de via\u021b\u0103 extins\u0103 a echipamentului.<\/p>\n<p>Printre avantaje se num\u0103r\u0103 versatilitatea ridicat\u0103, stabilitatea termic\u0103 \u0219i reducerea uzurii componentelor interne.<\/p>","protected":false},"excerpt":{"rendered":"<p>LR-POE 46 &#8211; 1 LT &#8211; PLASTIC Ulei sintetic poliolester cu v\u00e2scozitate medie, fiind una dintre cele mai versatile solu\u021bii pentru lubrifierea compresoarelor din instala\u021biile HVAC \u0219i de refrigerare. Acesta<\/p>","protected":false},"featured_media":0,"comment_status":"open","ping_status":"closed","template":"","meta":{"_acf_changed":false,"_joinchat":[]},"product_brand":[],"product_cat":[339],"product_tag":[],"class_list":{"0":"post-8821","1":"product","2":"type-product","3":"status-publish","5":"product_cat-ulei-compresoar-ac-si-frigorifice","7":"first","8":"instock","9":"shipping-taxable","10":"product-type-simple"},"acf":[],"jetpack_sharing_enabled":true,"_links":{"self":[{"href":"https:\/\/airomak.net\/en\/wp-json\/wp\/v2\/product\/8821","targetHints":{"allow":["GET"]}}],"collection":[{"href":"https:\/\/airomak.net\/en\/wp-json\/wp\/v2\/product"}],"about":[{"href":"https:\/\/airomak.net\/en\/wp-json\/wp\/v2\/types\/product"}],"replies":[{"embeddable":true,"href":"https:\/\/airomak.net\/en\/wp-json\/wp\/v2\/comments?post=8821"}],"wp:attachment":[{"href":"https:\/\/airomak.net\/en\/wp-json\/wp\/v2\/media?parent=8821"}],"wp:term":[{"taxonomy":"product_brand","embeddable":true,"href":"https:\/\/airomak.net\/en\/wp-json\/wp\/v2\/product_brand?post=8821"},{"taxonomy":"product_cat","embeddable":true,"href":"https:\/\/airomak.net\/en\/wp-json\/wp\/v2\/product_cat?post=8821"},{"taxonomy":"product_tag","embeddable":true,"href":"https:\/\/airomak.net\/en\/wp-json\/wp\/v2\/product_tag?post=8821"}],"curies":[{"name":"wp","href":"https:\/\/api.w.org\/{rel}","templated":true}]}}