{"id":8820,"date":"2026-04-02T08:33:08","date_gmt":"2026-04-02T08:33:08","guid":{"rendered":"https:\/\/airomak.net\/product\/poe-32-1lt\/"},"modified":"2026-04-02T10:12:09","modified_gmt":"2026-04-02T10:12:09","slug":"poe-32-1lt","status":"publish","type":"product","link":"https:\/\/airomak.net\/en\/product\/poe-32-1lt\/","title":{"rendered":"POE 32 1LT"},"content":{"rendered":"<p>LR-POE 32 &#8211; 1LT &#8211; PLASTIC<\/p>\n<p>Lubrifiant sintetic poliolester de \u00eenalt\u0103 calitate, special formulat pentru utilizarea \u00een compresoarele sistemelor moderne de aer condi\u021bionat \u0219i refrigerare.<\/p>\n<p>Datorit\u0103 v\u00e2scozit\u0103\u021bii reduse, acest ulei ofer\u0103 o circula\u021bie rapid\u0103 \u0219i eficient\u0103 \u00een instala\u021bie, asigur\u00e2nd o lubrifiere optim\u0103 chiar \u0219i la temperaturi sc\u0103zute. Este compatibil cu agen\u021bi frigorifici moderni precum R134a, R404A, R410A sau R32, fiind ideal pentru echipamente care necesit\u0103 un ulei fluid \u0219i performant.<\/p>\n<p>Este alegerea potrivit\u0103 pentru aplica\u021bii precum aerul condi\u021bionat auto, sistemele HVAC de dimensiuni mici \u0219i medii sau echipamentele unde este necesar\u0103 o lubrifiere rapid\u0103 \u0219i eficient\u0103.<\/p>\n<p>Avantajele principale includ stabilitate termic\u0103 ridicat\u0103, protec\u021bie eficient\u0103 \u00eempotriva uzurii \u0219i compatibilitate excelent\u0103 cu freonii moderni.<\/p>","protected":false},"excerpt":{"rendered":"<p>LR-POE 32 &#8211; 1LT &#8211; PLASTIC Lubrifiant sintetic poliolester de \u00eenalt\u0103 calitate, special formulat pentru utilizarea \u00een compresoarele sistemelor moderne de aer condi\u021bionat \u0219i refrigerare. Datorit\u0103 v\u00e2scozit\u0103\u021bii reduse, acest ulei<\/p>","protected":false},"featured_media":0,"comment_status":"open","ping_status":"closed","template":"","meta":{"_acf_changed":false,"_themeisle_gutenberg_block_has_review":false,"_joinchat":[]},"product_brand":[],"product_cat":[339],"product_tag":[],"class_list":{"0":"post-8820","1":"product","2":"type-product","3":"status-publish","5":"product_cat-ulei-compresoar-ac-si-frigorifice","7":"first","8":"instock","9":"shipping-taxable","10":"product-type-simple"},"acf":[],"jetpack_sharing_enabled":true,"_links":{"self":[{"href":"https:\/\/airomak.net\/en\/wp-json\/wp\/v2\/product\/8820","targetHints":{"allow":["GET"]}}],"collection":[{"href":"https:\/\/airomak.net\/en\/wp-json\/wp\/v2\/product"}],"about":[{"href":"https:\/\/airomak.net\/en\/wp-json\/wp\/v2\/types\/product"}],"replies":[{"embeddable":true,"href":"https:\/\/airomak.net\/en\/wp-json\/wp\/v2\/comments?post=8820"}],"wp:attachment":[{"href":"https:\/\/airomak.net\/en\/wp-json\/wp\/v2\/media?parent=8820"}],"wp:term":[{"taxonomy":"product_brand","embeddable":true,"href":"https:\/\/airomak.net\/en\/wp-json\/wp\/v2\/product_brand?post=8820"},{"taxonomy":"product_cat","embeddable":true,"href":"https:\/\/airomak.net\/en\/wp-json\/wp\/v2\/product_cat?post=8820"},{"taxonomy":"product_tag","embeddable":true,"href":"https:\/\/airomak.net\/en\/wp-json\/wp\/v2\/product_tag?post=8820"}],"curies":[{"name":"wp","href":"https:\/\/api.w.org\/{rel}","templated":true}]}}