{"id":8689,"date":"2025-11-10T09:32:16","date_gmt":"2025-11-10T09:32:16","guid":{"rendered":"https:\/\/airomak.net\/product\/etasant-pentru-scurgeri-extrem-ulta-t-6ml\/"},"modified":"2026-04-21T12:32:00","modified_gmt":"2026-04-21T12:32:00","slug":"etasant-pentru-scurgeri-extrem-ulta-t-6ml","status":"publish","type":"product","link":"https:\/\/airomak.net\/en\/product\/etasant-pentru-scurgeri-extrem-ulta-t-6ml\/","title":{"rendered":"Etasant pentru scurgeri Extrem Ulta T 6ml"},"content":{"rendered":"<p>Extreme Ultra T este inovatorul opritor de scurgeri care repar\u0103 permanent scurgeri de p\u00e2n\u0103 la 0,3 mm de pe componentele din cauciuc \u0219i metal ale sistemelor de aer condi\u021bionat \u0219i refrigerare, inclusiv cele din vehicule.<\/p>\n<p>Extreme Ultra T nu con\u021bine colorant UV.<\/p>\n<p>Formul\u0103 extrem de sigur\u0103: Extreme Ultra T nu con\u021bine polimeri, nu reac\u021bioneaz\u0103 cu umiditatea \u0219i oxigenul \u0219i nu \u00eenfund\u0103 sistemele de aer condi\u021bionat \u0219i refrigerare.<\/p>\n<p>Extreme Ultra T este compatibil cu to\u021bi lubrifian\u021bii de refrigerare \u0219i gazele frigorifice, inclusiv R12, R134a, R1234yf, CFC, HFC, HCFC, R32 \u0219i HFO, cu excep\u021bia R717 (amoniac). Este solu\u021bia ideal\u0103 pentru repararea scurgerilor de gaz frigorific chiar \u0219i \u00een sistemele de aer condi\u021bionat ale vehiculelor hibride \u0219i electrice.<\/p>\n<p>Dozaj: 1 cartu\u0219 (6 ml) per vehicul sau pentru sisteme de p\u00e2n\u0103 la 21 kW (sau 700 ml de lubrifiant pentru compresor).<\/p>\n<p>Categorii: Aer condi\u021bionat, Repararea scurgerilor de agent frigorific, Repararea scurgerilor de agent frigorific, Repararea scurgerilor de agent frigorific, Refrigerare, Sistem de aer condi\u021bionat al vehiculului<\/p>","protected":false},"excerpt":{"rendered":"<p>Etan\u0219ant pentru scurgeri Extreme Ultra T 6ml pentru sisteme de aer condi\u021bionat \u0219i refrigerare.<br data-start=\"245\" data-end=\"248\" \/>Sigileaz\u0103 rapid scurgerile de p\u00e2n\u0103 la 0,3 mm f\u0103r\u0103 a afecta func\u021bionarea sistemului. Compatibil cu majoritatea agen\u021bilor frigorifici.<\/p>","protected":false},"featured_media":8688,"comment_status":"open","ping_status":"closed","template":"","meta":{"_acf_changed":false,"_joinchat":[]},"product_brand":[],"product_cat":[338],"product_tag":[],"class_list":{"0":"post-8689","1":"product","2":"type-product","3":"status-publish","4":"has-post-thumbnail","6":"product_cat-aditivi-etansare-micro-scurgeri","8":"first","9":"instock","10":"shipping-taxable","11":"purchasable","12":"product-type-simple"},"acf":[],"jetpack_sharing_enabled":true,"_links":{"self":[{"href":"https:\/\/airomak.net\/en\/wp-json\/wp\/v2\/product\/8689","targetHints":{"allow":["GET"]}}],"collection":[{"href":"https:\/\/airomak.net\/en\/wp-json\/wp\/v2\/product"}],"about":[{"href":"https:\/\/airomak.net\/en\/wp-json\/wp\/v2\/types\/product"}],"replies":[{"embeddable":true,"href":"https:\/\/airomak.net\/en\/wp-json\/wp\/v2\/comments?post=8689"}],"wp:featuredmedia":[{"embeddable":true,"href":"https:\/\/airomak.net\/en\/wp-json\/wp\/v2\/media\/8688"}],"wp:attachment":[{"href":"https:\/\/airomak.net\/en\/wp-json\/wp\/v2\/media?parent=8689"}],"wp:term":[{"taxonomy":"product_brand","embeddable":true,"href":"https:\/\/airomak.net\/en\/wp-json\/wp\/v2\/product_brand?post=8689"},{"taxonomy":"product_cat","embeddable":true,"href":"https:\/\/airomak.net\/en\/wp-json\/wp\/v2\/product_cat?post=8689"},{"taxonomy":"product_tag","embeddable":true,"href":"https:\/\/airomak.net\/en\/wp-json\/wp\/v2\/product_tag?post=8689"}],"curies":[{"name":"wp","href":"https:\/\/api.w.org\/{rel}","templated":true}]}}