{"id":8631,"date":"2025-10-29T15:30:19","date_gmt":"2025-10-29T15:30:19","guid":{"rendered":"https:\/\/airomak.net\/index.php\/product\/solutie-de-indepartare-thor-200ml\/"},"modified":"2026-04-20T20:34:06","modified_gmt":"2026-04-20T20:34:06","slug":"solutie-de-indepartare-thor-200ml","status":"publish","type":"product","link":"https:\/\/airomak.net\/en\/product\/solutie-de-indepartare-thor-200ml\/","title":{"rendered":"Solu\u021bie de \u00eendep\u0103rtare THOR 200ml"},"content":{"rendered":"<p>\u00cendep\u0103rteaz\u0103 etan\u0219antul \u0219i cur\u0103\u021b\u0103 suprafe\u021bele<\/p>\n<p>\u00cendep\u0103rteaz\u0103 etan\u0219antul \u0219i cur\u0103\u021b\u0103 suprafe\u021bele<\/p>\n<p>\u00cendep\u0103rteaz\u0103 reziduurile de etan\u0219ant de pe suprafe\u021be. Ideal pentru cur\u0103\u021barea suprafe\u021belor \u00eenainte de utilizare<\/p>\n<p>External \u0219i FixQuick.<\/p>\n<p>Ac\u021biune rapid\u0103 de cur\u0103\u021bare: ac\u021bioneaz\u0103 \u00een doar c\u00e2teva minute.<\/p>","protected":false},"excerpt":{"rendered":"<p>\u00cendep\u0103rteaz\u0103 etan\u0219antul \u0219i cur\u0103\u021b\u0103 suprafe\u021bele<\/p>","protected":false},"featured_media":8633,"comment_status":"open","ping_status":"closed","template":"","meta":{"_acf_changed":false,"_joinchat":[]},"product_brand":[],"product_cat":[344],"product_tag":[],"class_list":{"0":"post-8631","1":"product","2":"type-product","3":"status-publish","4":"has-post-thumbnail","6":"product_cat-accesorii-pentru-service-si-intretinerea-hvac","8":"first","9":"instock","10":"shipping-taxable","11":"purchasable","12":"product-type-simple"},"acf":[],"jetpack_sharing_enabled":true,"_links":{"self":[{"href":"https:\/\/airomak.net\/en\/wp-json\/wp\/v2\/product\/8631","targetHints":{"allow":["GET"]}}],"collection":[{"href":"https:\/\/airomak.net\/en\/wp-json\/wp\/v2\/product"}],"about":[{"href":"https:\/\/airomak.net\/en\/wp-json\/wp\/v2\/types\/product"}],"replies":[{"embeddable":true,"href":"https:\/\/airomak.net\/en\/wp-json\/wp\/v2\/comments?post=8631"}],"wp:featuredmedia":[{"embeddable":true,"href":"https:\/\/airomak.net\/en\/wp-json\/wp\/v2\/media\/8633"}],"wp:attachment":[{"href":"https:\/\/airomak.net\/en\/wp-json\/wp\/v2\/media?parent=8631"}],"wp:term":[{"taxonomy":"product_brand","embeddable":true,"href":"https:\/\/airomak.net\/en\/wp-json\/wp\/v2\/product_brand?post=8631"},{"taxonomy":"product_cat","embeddable":true,"href":"https:\/\/airomak.net\/en\/wp-json\/wp\/v2\/product_cat?post=8631"},{"taxonomy":"product_tag","embeddable":true,"href":"https:\/\/airomak.net\/en\/wp-json\/wp\/v2\/product_tag?post=8631"}],"curies":[{"name":"wp","href":"https:\/\/api.w.org\/{rel}","templated":true}]}}