{"id":8629,"date":"2025-10-29T15:20:02","date_gmt":"2025-10-29T15:20:02","guid":{"rendered":"https:\/\/airomak.net\/index.php\/product\/spray-de-ulei-ezi-oil-200ml\/"},"modified":"2026-04-20T20:46:28","modified_gmt":"2026-04-20T20:46:28","slug":"spray-de-ulei-ezi-oil-200ml","status":"publish","type":"product","link":"https:\/\/airomak.net\/en\/product\/spray-de-ulei-ezi-oil-200ml\/","title":{"rendered":"Spray de ulei EZI OIL 200ml"},"content":{"rendered":"<p>Pulveriza\u021bi ulei pentru lubrifiere \u0219i r\u0103cire \u00een timpul prelucr\u0103rii metalelor, de ex. Pliabil\u0103, \u00eendoire, t\u0103iere, foraj \u0219i frezare. Uneltele \u0219i materialele sunt protejate, mai pu\u021bin uzate \u0219i nu supra\u00eenc\u0103lzite. Mai ales c\u00e2nd aflarea \u0219i \u00eendoie\u0219ti, prime\u0219ti un rezultat mult mai bun. Procesul este mai u\u0219or, materialul prime\u0219te o suprafa\u021b\u0103 mai fin\u0103 \u0219i instrumentul este protejat.<\/p>\n<p>\u00bb ulei de pulverizare lubrifiant si racire pentru toate metalele<\/p>\n<p>\u00bb flan\u0219e de calitate superioar\u0103 de cupru \u0219i aluminiu<\/p>\n<p>protejeaz\u0103 materialul, uneltele \u0219i \u00eencheieturile m\u00e2inilor<\/p>","protected":false},"excerpt":{"rendered":"<p>Pulveriza\u021bi ulei pentru lubrifiere \u0219i r\u0103cire \u00een timpul prelucr\u0103rii metalelor, de ex. Pliabil\u0103, \u00eendoire, t\u0103iere, foraj \u0219i frezare. Uneltele \u0219i materialele sunt protejate, mai pu\u021bin uzate \u0219i nu supra\u00eenc\u0103lzite. Mai<\/p>","protected":false},"featured_media":8634,"comment_status":"open","ping_status":"closed","template":"","meta":{"_acf_changed":false,"_themeisle_gutenberg_block_has_review":false,"_joinchat":[]},"product_brand":[],"product_cat":[344],"product_tag":[],"class_list":{"0":"post-8629","1":"product","2":"type-product","3":"status-publish","4":"has-post-thumbnail","6":"product_cat-accesorii-pentru-service-si-intretinerea-hvac","8":"first","9":"instock","10":"shipping-taxable","11":"purchasable","12":"product-type-simple"},"acf":[],"jetpack_sharing_enabled":true,"_links":{"self":[{"href":"https:\/\/airomak.net\/en\/wp-json\/wp\/v2\/product\/8629","targetHints":{"allow":["GET"]}}],"collection":[{"href":"https:\/\/airomak.net\/en\/wp-json\/wp\/v2\/product"}],"about":[{"href":"https:\/\/airomak.net\/en\/wp-json\/wp\/v2\/types\/product"}],"replies":[{"embeddable":true,"href":"https:\/\/airomak.net\/en\/wp-json\/wp\/v2\/comments?post=8629"}],"wp:featuredmedia":[{"embeddable":true,"href":"https:\/\/airomak.net\/en\/wp-json\/wp\/v2\/media\/8634"}],"wp:attachment":[{"href":"https:\/\/airomak.net\/en\/wp-json\/wp\/v2\/media?parent=8629"}],"wp:term":[{"taxonomy":"product_brand","embeddable":true,"href":"https:\/\/airomak.net\/en\/wp-json\/wp\/v2\/product_brand?post=8629"},{"taxonomy":"product_cat","embeddable":true,"href":"https:\/\/airomak.net\/en\/wp-json\/wp\/v2\/product_cat?post=8629"},{"taxonomy":"product_tag","embeddable":true,"href":"https:\/\/airomak.net\/en\/wp-json\/wp\/v2\/product_tag?post=8629"}],"curies":[{"name":"wp","href":"https:\/\/api.w.org\/{rel}","templated":true}]}}