{"id":8615,"date":"2025-10-29T14:47:26","date_gmt":"2025-10-29T14:47:26","guid":{"rendered":"https:\/\/airomak.net\/index.php\/product\/aditiv-antioxidant-anti-oxidant-ultra-6ml\/"},"modified":"2026-04-17T10:08:11","modified_gmt":"2026-04-17T10:08:11","slug":"aditiv-antioxidant-anti-oxidant-ultra-6ml","status":"publish","type":"product","link":"https:\/\/airomak.net\/en\/product\/aditiv-antioxidant-anti-oxidant-ultra-6ml\/","title":{"rendered":"Aditiv antioxidant ANTI OXIDANT ULTRA 6ml"},"content":{"rendered":"<p>Aditiv antioxidant \u0219i anticoroziv<\/p>\n<p>-Creeaz\u0103 o barier\u0103 protectoare pe metale precum cuprul sau aluminiu, bloc\u00e2nd \u0219i prevenind oxidarea \u0219i coroziunea.<\/p>\n<p>-Nu modific\u0103 gazul frigorific.<\/p>\n<p>-Stabilizeaz\u0103 gazul frigorific \u0219i lubrifiantul frigorific.<\/p>\n<p>-Sigur pentru compresor, garnituri \u0219i componente ale sistemului.<\/p>\n<p>-Nu sl\u0103be\u0219te puterea sistemului \u0219i nu \u00eei modific\u0103 performan\u021ba.<\/p>\n<p>-Nu reduce schimbul de c\u0103ldur\u0103.<\/p>\n<p>-Nu se acumuleaz\u0103 \u00een filtrul de umiditate.<\/p>\n<p>-Compatibil cu to\u021bi lubrifian\u021bii frigorifici.<\/p>","protected":false},"excerpt":{"rendered":"<p>Aditiv antioxidant \u0219i anticoroziv<\/p>","protected":false},"featured_media":8621,"comment_status":"open","ping_status":"closed","template":"","meta":{"_acf_changed":false,"_joinchat":[]},"product_brand":[],"product_cat":[343],"product_tag":[],"class_list":{"0":"post-8615","1":"product","2":"type-product","3":"status-publish","4":"has-post-thumbnail","6":"product_cat-aditivi-pentru-climatizare","8":"first","9":"instock","10":"shipping-taxable","11":"purchasable","12":"product-type-simple"},"acf":[],"jetpack_sharing_enabled":true,"_links":{"self":[{"href":"https:\/\/airomak.net\/en\/wp-json\/wp\/v2\/product\/8615","targetHints":{"allow":["GET"]}}],"collection":[{"href":"https:\/\/airomak.net\/en\/wp-json\/wp\/v2\/product"}],"about":[{"href":"https:\/\/airomak.net\/en\/wp-json\/wp\/v2\/types\/product"}],"replies":[{"embeddable":true,"href":"https:\/\/airomak.net\/en\/wp-json\/wp\/v2\/comments?post=8615"}],"wp:featuredmedia":[{"embeddable":true,"href":"https:\/\/airomak.net\/en\/wp-json\/wp\/v2\/media\/8621"}],"wp:attachment":[{"href":"https:\/\/airomak.net\/en\/wp-json\/wp\/v2\/media?parent=8615"}],"wp:term":[{"taxonomy":"product_brand","embeddable":true,"href":"https:\/\/airomak.net\/en\/wp-json\/wp\/v2\/product_brand?post=8615"},{"taxonomy":"product_cat","embeddable":true,"href":"https:\/\/airomak.net\/en\/wp-json\/wp\/v2\/product_cat?post=8615"},{"taxonomy":"product_tag","embeddable":true,"href":"https:\/\/airomak.net\/en\/wp-json\/wp\/v2\/product_tag?post=8615"}],"curies":[{"name":"wp","href":"https:\/\/api.w.org\/{rel}","templated":true}]}}