{"id":8611,"date":"2025-10-29T14:30:45","date_gmt":"2025-10-29T14:30:45","guid":{"rendered":"https:\/\/airomak.net\/index.php\/product\/imbunatatitor-de-frigidere-super-dry-ultra-6ml\/"},"modified":"2026-04-23T08:13:35","modified_gmt":"2026-04-23T08:13:35","slug":"imbunatatitor-de-frigidere-super-dry-ultra-6ml","status":"publish","type":"product","link":"https:\/\/airomak.net\/en\/product\/imbunatatitor-de-frigidere-super-dry-ultra-6ml\/","title":{"rendered":"\u00cembun\u0103t\u0103\u021bitor de frigidere SUPER DRY ULTRA 6ml"},"content":{"rendered":"<p>SUPER-U\u0218ARUL ULTRA este un aditiv deshidratant care permite prevenirea form\u0103rii de umiditate \u00een sistemele AC \/ R noi \u0219i chiar pentru a elimina umiditatea din sistemele deja utilizate. Acest produs de \u00eenalt\u0103 calitate ajut\u0103 la evitarea riscului de coroziune \u0219i \u00eenghe\u021bare \u00een diferite p\u0103r\u021bi ale sistemului. Formula sa inovatoare poate stabiliza lubrifiantul \u0219i poate asmoza apa cu doar 1\/5 din volumul compozi\u021biei sale chimice anterioare.<\/p>","protected":false},"excerpt":{"rendered":"<p>Aditiv dezumidificare AC auto SUPER DRY ULTRA 6ml pentru eliminarea umiditatii din sistemele de climatizare. Previna coroziunea si inghetul, protejand componentele si imbunatatind performanta. Ideal pentru sisteme AC noi si utilizate.<\/p>","protected":false},"featured_media":8624,"comment_status":"open","ping_status":"closed","template":"","meta":{"_acf_changed":false,"_joinchat":[]},"product_brand":[],"product_cat":[343],"product_tag":[],"class_list":{"0":"post-8611","1":"product","2":"type-product","3":"status-publish","4":"has-post-thumbnail","6":"product_cat-aditivi-pentru-climatizare","8":"first","9":"instock","10":"shipping-taxable","11":"purchasable","12":"product-type-simple"},"acf":[],"jetpack_sharing_enabled":true,"_links":{"self":[{"href":"https:\/\/airomak.net\/en\/wp-json\/wp\/v2\/product\/8611","targetHints":{"allow":["GET"]}}],"collection":[{"href":"https:\/\/airomak.net\/en\/wp-json\/wp\/v2\/product"}],"about":[{"href":"https:\/\/airomak.net\/en\/wp-json\/wp\/v2\/types\/product"}],"replies":[{"embeddable":true,"href":"https:\/\/airomak.net\/en\/wp-json\/wp\/v2\/comments?post=8611"}],"wp:featuredmedia":[{"embeddable":true,"href":"https:\/\/airomak.net\/en\/wp-json\/wp\/v2\/media\/8624"}],"wp:attachment":[{"href":"https:\/\/airomak.net\/en\/wp-json\/wp\/v2\/media?parent=8611"}],"wp:term":[{"taxonomy":"product_brand","embeddable":true,"href":"https:\/\/airomak.net\/en\/wp-json\/wp\/v2\/product_brand?post=8611"},{"taxonomy":"product_cat","embeddable":true,"href":"https:\/\/airomak.net\/en\/wp-json\/wp\/v2\/product_cat?post=8611"},{"taxonomy":"product_tag","embeddable":true,"href":"https:\/\/airomak.net\/en\/wp-json\/wp\/v2\/product_tag?post=8611"}],"curies":[{"name":"wp","href":"https:\/\/api.w.org\/{rel}","templated":true}]}}