{"id":8609,"date":"2025-10-29T14:24:15","date_gmt":"2025-10-29T14:24:15","guid":{"rendered":"https:\/\/airomak.net\/index.php\/product\/aditiv-anti-umezeala-super-dry-ultra-white-6ml\/"},"modified":"2026-04-17T10:06:29","modified_gmt":"2026-04-17T10:06:29","slug":"aditiv-anti-umezeala-super-dry-ultra-white-6ml","status":"publish","type":"product","link":"https:\/\/airomak.net\/en\/product\/aditiv-anti-umezeala-super-dry-ultra-white-6ml\/","title":{"rendered":"Aditiv anti umezeal\u0103 SUPER DRY ULTRA WHITE 6ml"},"content":{"rendered":"<p>Aditiv anti-umezeal\u0103<\/p>\n<p>-Elimin\u0103 permanent acumularea de umezeal\u0103 \u00een sistemele de aer condi\u021bionat\/refrigerare datorit\u0103 formulei chimice speciale care extrage apa din lubrifiantul de refrigerare.<\/p>\n<p>-Nu altereaz\u0103 gazele frigorifice.<\/p>\n<p>-Sigur pentru garnituri, componentele sistemului \u0219i compresor.<\/p>\n<p>-Nu sl\u0103be\u0219te puterea sistemului \u0219i nici nu \u00eei modific\u0103 performan\u021ba.<\/p>\n<p>-Compatibil cu to\u021bi lubrifian\u021bii de refrigerare.<\/p>\n<p>-Compatibil cu toate gazele frigorifice, inclusiv CFC, HFC, HCFC, R32 \u0219i HFO, cu excep\u021bia R717 (amoniac).<\/p>\n<p>-Alegerea profesional\u0103 pentru \u00eentre\u021binerea preventiv\u0103: elimin\u00e2nd umezeala, inhib\u0103 formarea acidului \u00een timp<\/p>","protected":false},"excerpt":{"rendered":"<p>Aditiv anti-umezeal\u0103 -Elimin\u0103 permanent acumularea de umezeal\u0103 \u00een sistemele de aer condi\u021bionat\/refrigerare datorit\u0103 formulei chimice speciale care extrage apa din lubrifiantul de refrigerare. -Nu altereaz\u0103 gazele frigorifice. -Sigur pentru garnituri,<\/p>","protected":false},"featured_media":8623,"comment_status":"open","ping_status":"closed","template":"","meta":{"_acf_changed":false,"_joinchat":[]},"product_brand":[],"product_cat":[343],"product_tag":[],"class_list":{"0":"post-8609","1":"product","2":"type-product","3":"status-publish","4":"has-post-thumbnail","6":"product_cat-aditivi-pentru-climatizare","8":"first","9":"instock","10":"shipping-taxable","11":"purchasable","12":"product-type-simple"},"acf":[],"jetpack_sharing_enabled":true,"_links":{"self":[{"href":"https:\/\/airomak.net\/en\/wp-json\/wp\/v2\/product\/8609","targetHints":{"allow":["GET"]}}],"collection":[{"href":"https:\/\/airomak.net\/en\/wp-json\/wp\/v2\/product"}],"about":[{"href":"https:\/\/airomak.net\/en\/wp-json\/wp\/v2\/types\/product"}],"replies":[{"embeddable":true,"href":"https:\/\/airomak.net\/en\/wp-json\/wp\/v2\/comments?post=8609"}],"wp:featuredmedia":[{"embeddable":true,"href":"https:\/\/airomak.net\/en\/wp-json\/wp\/v2\/media\/8623"}],"wp:attachment":[{"href":"https:\/\/airomak.net\/en\/wp-json\/wp\/v2\/media?parent=8609"}],"wp:term":[{"taxonomy":"product_brand","embeddable":true,"href":"https:\/\/airomak.net\/en\/wp-json\/wp\/v2\/product_brand?post=8609"},{"taxonomy":"product_cat","embeddable":true,"href":"https:\/\/airomak.net\/en\/wp-json\/wp\/v2\/product_cat?post=8609"},{"taxonomy":"product_tag","embeddable":true,"href":"https:\/\/airomak.net\/en\/wp-json\/wp\/v2\/product_tag?post=8609"}],"curies":[{"name":"wp","href":"https:\/\/api.w.org\/{rel}","templated":true}]}}