{"id":8602,"date":"2025-10-29T07:57:50","date_gmt":"2025-10-29T07:57:50","guid":{"rendered":"https:\/\/airomak.net\/index.php\/product\/servetele-de-curatare-heavy-duty-40-wipes\/"},"modified":"2026-01-19T14:31:16","modified_gmt":"2026-01-19T14:31:16","slug":"servetele-de-curatare-heavy-duty-40-wipes","status":"publish","type":"product","link":"https:\/\/airomak.net\/en\/product\/servetele-de-curatare-heavy-duty-40-wipes\/","title":{"rendered":"\u0218erve\u021bele de cur\u0103\u021bare HEAVY DUTY 40 WIPES"},"content":{"rendered":"<p>\u0218erve\u021bele de cur\u0103\u021bare pentru m\u00e2ini, unelte \u0219i suprafe\u021be<\/p>\n<p>-\u00cendep\u0103rteaz\u0103 eficient diverse tipuri de murd\u0103rie: ulei, lubrifiant, gr\u0103sime, rugin\u0103, gudron, bitum, grafit, adezivi, r\u0103\u0219ini, etan\u0219an\u021bi, vopsele, cerneluri, coloran\u021bi etc.<\/p>\n<p>-Multifunc\u021bional: poate fi folosit pentru cur\u0103\u021barea m\u00e2inilor, a uneltelor de lucru \u0219i a suprafe\u021belor.<\/p>\n<p>-Ac\u021biune degresant\u0103 \u0219i antibacterian\u0103. Nu necesit\u0103 cl\u0103tire.<\/p>\n<p>-Material u\u0219or abraziv \u0219i foarte rezistent.<\/p>\n<p>-Testat dermatologic. Con\u021bine solven\u021bi naturali.<\/p>\n<p>-Elimin\u0103 mirosurile nepl\u0103cute, l\u0103s\u00e2nd un parfum pl\u0103cut de citrice.<\/p>\n<p>-Con\u021bine emolien\u021bi (lanolin\u0103).<\/p>","protected":false},"excerpt":{"rendered":"<p>\u0218erve\u021bele de cur\u0103\u021bare pentru m\u00e2ini, unelte \u0219i suprafe\u021be -\u00cendep\u0103rteaz\u0103 eficient diverse tipuri de murd\u0103rie: ulei, lubrifiant, gr\u0103sime, rugin\u0103, gudron, bitum, grafit, adezivi, r\u0103\u0219ini, etan\u0219an\u021bi, vopsele, cerneluri, coloran\u021bi etc. -Multifunc\u021bional: poate<\/p>","protected":false},"featured_media":8604,"comment_status":"open","ping_status":"closed","template":"","meta":{"_acf_changed":false,"_joinchat":[]},"product_brand":[],"product_cat":[342],"product_tag":[],"class_list":{"0":"post-8602","1":"product","2":"type-product","3":"status-publish","4":"has-post-thumbnail","6":"product_cat-solutii-de-curatare-hvac","8":"first","9":"instock","10":"shipping-taxable","11":"purchasable","12":"product-type-simple"},"acf":[],"jetpack_sharing_enabled":true,"_links":{"self":[{"href":"https:\/\/airomak.net\/en\/wp-json\/wp\/v2\/product\/8602","targetHints":{"allow":["GET"]}}],"collection":[{"href":"https:\/\/airomak.net\/en\/wp-json\/wp\/v2\/product"}],"about":[{"href":"https:\/\/airomak.net\/en\/wp-json\/wp\/v2\/types\/product"}],"replies":[{"embeddable":true,"href":"https:\/\/airomak.net\/en\/wp-json\/wp\/v2\/comments?post=8602"}],"wp:featuredmedia":[{"embeddable":true,"href":"https:\/\/airomak.net\/en\/wp-json\/wp\/v2\/media\/8604"}],"wp:attachment":[{"href":"https:\/\/airomak.net\/en\/wp-json\/wp\/v2\/media?parent=8602"}],"wp:term":[{"taxonomy":"product_brand","embeddable":true,"href":"https:\/\/airomak.net\/en\/wp-json\/wp\/v2\/product_brand?post=8602"},{"taxonomy":"product_cat","embeddable":true,"href":"https:\/\/airomak.net\/en\/wp-json\/wp\/v2\/product_cat?post=8602"},{"taxonomy":"product_tag","embeddable":true,"href":"https:\/\/airomak.net\/en\/wp-json\/wp\/v2\/product_tag?post=8602"}],"curies":[{"name":"wp","href":"https:\/\/api.w.org\/{rel}","templated":true}]}}