{"id":8600,"date":"2025-10-29T07:50:09","date_gmt":"2025-10-29T07:50:09","guid":{"rendered":"https:\/\/airomak.net\/index.php\/product\/solutie-alcalina-sprinkle-1l\/"},"modified":"2026-01-19T13:30:01","modified_gmt":"2026-01-19T13:30:01","slug":"solutie-alcalina-sprinkle-1l","status":"publish","type":"product","link":"https:\/\/airomak.net\/en\/product\/solutie-alcalina-sprinkle-1l\/","title":{"rendered":"Solu\u021bie alcalin\u0103 SPRINKLE 1L"},"content":{"rendered":"<p>Tratament impermeabil de lung\u0103 durat\u0103<\/p>\n<p>-Odat\u0103 aplicat pe sticl\u0103, gresie \u0219i oglinzi, formeaz\u0103 un strat sub\u021bire protector care ajut\u0103 la prevenirea petelor de ap\u0103, a murd\u0103riei \u0219i a acumul\u0103rii de calcar.<\/p>\n<p>-Ideal pentru cur\u0103\u021barea cabinelor de du\u0219.<\/p>\n<p>-Nu las\u0103 urme sau reziduuri.<\/p>\n<p>-Rapid \u0219i u\u0219or de aplicat.<\/p>\n<p>-Formul\u0103 delicat\u0103: sigur pentru suprafe\u021be.<\/p>","protected":false},"excerpt":{"rendered":"<p>Solu\u021bie alcalin\u0103 pentru panouri fotovoltaice<\/p>","protected":false},"featured_media":8603,"comment_status":"open","ping_status":"closed","template":"","meta":{"_acf_changed":false,"_joinchat":[]},"product_brand":[],"product_cat":[342],"product_tag":[],"class_list":{"0":"post-8600","1":"product","2":"type-product","3":"status-publish","4":"has-post-thumbnail","6":"product_cat-solutii-de-curatare-hvac","8":"first","9":"instock","10":"shipping-taxable","11":"purchasable","12":"product-type-simple"},"acf":[],"jetpack_sharing_enabled":true,"_links":{"self":[{"href":"https:\/\/airomak.net\/en\/wp-json\/wp\/v2\/product\/8600","targetHints":{"allow":["GET"]}}],"collection":[{"href":"https:\/\/airomak.net\/en\/wp-json\/wp\/v2\/product"}],"about":[{"href":"https:\/\/airomak.net\/en\/wp-json\/wp\/v2\/types\/product"}],"replies":[{"embeddable":true,"href":"https:\/\/airomak.net\/en\/wp-json\/wp\/v2\/comments?post=8600"}],"wp:featuredmedia":[{"embeddable":true,"href":"https:\/\/airomak.net\/en\/wp-json\/wp\/v2\/media\/8603"}],"wp:attachment":[{"href":"https:\/\/airomak.net\/en\/wp-json\/wp\/v2\/media?parent=8600"}],"wp:term":[{"taxonomy":"product_brand","embeddable":true,"href":"https:\/\/airomak.net\/en\/wp-json\/wp\/v2\/product_brand?post=8600"},{"taxonomy":"product_cat","embeddable":true,"href":"https:\/\/airomak.net\/en\/wp-json\/wp\/v2\/product_cat?post=8600"},{"taxonomy":"product_tag","embeddable":true,"href":"https:\/\/airomak.net\/en\/wp-json\/wp\/v2\/product_tag?post=8600"}],"curies":[{"name":"wp","href":"https:\/\/api.w.org\/{rel}","templated":true}]}}