{"id":8597,"date":"2025-10-29T07:41:48","date_gmt":"2025-10-29T07:41:48","guid":{"rendered":"https:\/\/airomak.net\/index.php\/product\/solutie-de-insecte-no-bug-1l\/"},"modified":"2026-01-19T13:46:24","modified_gmt":"2026-01-19T13:46:24","slug":"solutie-de-insecte-no-bug-1l","status":"publish","type":"product","link":"https:\/\/airomak.net\/en\/product\/solutie-de-insecte-no-bug-1l\/","title":{"rendered":"Solu\u021bie de insecte NO BUG 1L"},"content":{"rendered":"<p>Solu\u021bie pentru \u00eendep\u0103rtarea insectelor din condensatorul \u0219i radiatorul ma\u0219inii<\/p>\n<p>-\u00cendep\u0103rteaz\u0103 cu u\u0219urin\u021b\u0103 reziduurile organice de insecte , precum \u0219i incrusta\u021biile u\u0219oare de pe condensatoare \u0219i radiatoare.<\/p>\n<p>-Sigur: poate fi utilizat \u00een siguran\u021b\u0103 pe orice tip de condensator \u0219i radiator, nu deterioreaz\u0103 suprafe\u021bele.<\/p>\n<p>-Cur\u0103\u021bare simpl\u0103, rapid\u0103 \u0219i de lung\u0103 durat\u0103.<\/p>\n<p>-Reface schimbul de c\u0103ldur\u0103 al condensatorului<\/p>","protected":false},"excerpt":{"rendered":"<p>Solu\u021bie pentru \u00eendep\u0103rtarea insectelor din condensatorul \u0219i radiatorul ma\u0219inii<\/p>","protected":false},"featured_media":8598,"comment_status":"open","ping_status":"closed","template":"","meta":{"_acf_changed":false,"_joinchat":[]},"product_brand":[],"product_cat":[342],"product_tag":[],"class_list":{"0":"post-8597","1":"product","2":"type-product","3":"status-publish","4":"has-post-thumbnail","6":"product_cat-solutii-de-curatare-hvac","8":"first","9":"instock","10":"shipping-taxable","11":"purchasable","12":"product-type-simple"},"acf":[],"jetpack_sharing_enabled":true,"_links":{"self":[{"href":"https:\/\/airomak.net\/en\/wp-json\/wp\/v2\/product\/8597","targetHints":{"allow":["GET"]}}],"collection":[{"href":"https:\/\/airomak.net\/en\/wp-json\/wp\/v2\/product"}],"about":[{"href":"https:\/\/airomak.net\/en\/wp-json\/wp\/v2\/types\/product"}],"replies":[{"embeddable":true,"href":"https:\/\/airomak.net\/en\/wp-json\/wp\/v2\/comments?post=8597"}],"wp:featuredmedia":[{"embeddable":true,"href":"https:\/\/airomak.net\/en\/wp-json\/wp\/v2\/media\/8598"}],"wp:attachment":[{"href":"https:\/\/airomak.net\/en\/wp-json\/wp\/v2\/media?parent=8597"}],"wp:term":[{"taxonomy":"product_brand","embeddable":true,"href":"https:\/\/airomak.net\/en\/wp-json\/wp\/v2\/product_brand?post=8597"},{"taxonomy":"product_cat","embeddable":true,"href":"https:\/\/airomak.net\/en\/wp-json\/wp\/v2\/product_cat?post=8597"},{"taxonomy":"product_tag","embeddable":true,"href":"https:\/\/airomak.net\/en\/wp-json\/wp\/v2\/product_tag?post=8597"}],"curies":[{"name":"wp","href":"https:\/\/api.w.org\/{rel}","templated":true}]}}