{"id":8589,"date":"2025-10-28T15:32:36","date_gmt":"2025-10-28T15:32:36","guid":{"rendered":"https:\/\/airomak.net\/index.php\/product\/solutie-de-curatare-engi-clean-400ml\/"},"modified":"2026-01-19T13:39:17","modified_gmt":"2026-01-19T13:39:17","slug":"solutie-de-curatare-engi-clean-400ml","status":"publish","type":"product","link":"https:\/\/airomak.net\/en\/product\/solutie-de-curatare-engi-clean-400ml\/","title":{"rendered":"Solu\u021bie de cur\u0103\u021bare ENGI CLEAN 400ml"},"content":{"rendered":"<p>Solu\u021bie de cur\u0103\u021bare a motorului<\/p>\n<p>-Foarte eficient pentru cur\u0103\u021barea pieselor mecanice, a exteriorului motorului \u0219i a jantelor vehiculelor, motocicletelor \u0219i mopedelor.<\/p>\n<p>-Dizolv\u0103 \u0219i \u00eendep\u0103rteaz\u0103 cele mai \u00eenc\u0103p\u0103\u021b\u00e2nate reziduuri de murd\u0103rie, ulei \u0219i gr\u0103sime datorit\u0103 puterii sale ridicate de solvent \u0219i cur\u0103\u021bare.<\/p>\n<p>-Nu con\u021bine metale grele<\/p>","protected":false},"excerpt":{"rendered":"<p>Curatator de motor<\/p>","protected":false},"featured_media":8596,"comment_status":"open","ping_status":"closed","template":"","meta":{"_acf_changed":false,"_joinchat":[]},"product_brand":[],"product_cat":[342],"product_tag":[],"class_list":{"0":"post-8589","1":"product","2":"type-product","3":"status-publish","4":"has-post-thumbnail","6":"product_cat-solutii-de-curatare-hvac","8":"first","9":"instock","10":"shipping-taxable","11":"purchasable","12":"product-type-simple"},"acf":[],"jetpack_sharing_enabled":true,"_links":{"self":[{"href":"https:\/\/airomak.net\/en\/wp-json\/wp\/v2\/product\/8589","targetHints":{"allow":["GET"]}}],"collection":[{"href":"https:\/\/airomak.net\/en\/wp-json\/wp\/v2\/product"}],"about":[{"href":"https:\/\/airomak.net\/en\/wp-json\/wp\/v2\/types\/product"}],"replies":[{"embeddable":true,"href":"https:\/\/airomak.net\/en\/wp-json\/wp\/v2\/comments?post=8589"}],"wp:featuredmedia":[{"embeddable":true,"href":"https:\/\/airomak.net\/en\/wp-json\/wp\/v2\/media\/8596"}],"wp:attachment":[{"href":"https:\/\/airomak.net\/en\/wp-json\/wp\/v2\/media?parent=8589"}],"wp:term":[{"taxonomy":"product_brand","embeddable":true,"href":"https:\/\/airomak.net\/en\/wp-json\/wp\/v2\/product_brand?post=8589"},{"taxonomy":"product_cat","embeddable":true,"href":"https:\/\/airomak.net\/en\/wp-json\/wp\/v2\/product_cat?post=8589"},{"taxonomy":"product_tag","embeddable":true,"href":"https:\/\/airomak.net\/en\/wp-json\/wp\/v2\/product_tag?post=8589"}],"curies":[{"name":"wp","href":"https:\/\/api.w.org\/{rel}","templated":true}]}}