{"id":8586,"date":"2025-10-28T15:18:45","date_gmt":"2025-10-28T15:18:45","guid":{"rendered":"https:\/\/airomak.net\/index.php\/product\/solutie-de-spalare-zeus-350ml\/"},"modified":"2026-01-19T14:01:43","modified_gmt":"2026-01-19T14:01:43","slug":"solutie-de-spalare-zeus-350ml","status":"publish","type":"product","link":"https:\/\/airomak.net\/en\/product\/solutie-de-spalare-zeus-350ml\/","title":{"rendered":"Solu\u021bie de sp\u0103lare ZEUS + 350ml"},"content":{"rendered":"<p>Lichid de sp\u0103lare pentru sistemele de r\u0103cire ale vehiculelor<\/p>\n<p>-Formul\u0103 nou\u0103: \u00eendep\u0103rteaz\u0103 \u0219i reziduurile de ulei.<\/p>\n<p>-\u00cendep\u0103rteaz\u0103 reziduurile de gr\u0103sime, rugin\u0103, n\u0103mol \u0219i incrusta\u021bii care se depun \u00een timp \u00een sistemul de r\u0103cire.<\/p>\n<p>-Formul\u0103 extrem de inovatoare: dizolv\u0103 depunerile de murd\u0103rie \u0219i le men\u021bine \u00een suspensie p\u00e2n\u0103 la golirea sistemului de r\u0103cire.<\/p>","protected":false},"excerpt":{"rendered":"<p>Lichid de sp\u0103lare pentru sistemele de r\u0103cire ale vehiculelor<\/p>","protected":false},"featured_media":8591,"comment_status":"open","ping_status":"closed","template":"","meta":{"_acf_changed":false,"_joinchat":[]},"product_brand":[],"product_cat":[342],"product_tag":[],"class_list":{"0":"post-8586","1":"product","2":"type-product","3":"status-publish","4":"has-post-thumbnail","6":"product_cat-solutii-de-curatare-hvac","8":"first","9":"instock","10":"shipping-taxable","11":"purchasable","12":"product-type-simple"},"acf":[],"jetpack_sharing_enabled":true,"_links":{"self":[{"href":"https:\/\/airomak.net\/en\/wp-json\/wp\/v2\/product\/8586","targetHints":{"allow":["GET"]}}],"collection":[{"href":"https:\/\/airomak.net\/en\/wp-json\/wp\/v2\/product"}],"about":[{"href":"https:\/\/airomak.net\/en\/wp-json\/wp\/v2\/types\/product"}],"replies":[{"embeddable":true,"href":"https:\/\/airomak.net\/en\/wp-json\/wp\/v2\/comments?post=8586"}],"wp:featuredmedia":[{"embeddable":true,"href":"https:\/\/airomak.net\/en\/wp-json\/wp\/v2\/media\/8591"}],"wp:attachment":[{"href":"https:\/\/airomak.net\/en\/wp-json\/wp\/v2\/media?parent=8586"}],"wp:term":[{"taxonomy":"product_brand","embeddable":true,"href":"https:\/\/airomak.net\/en\/wp-json\/wp\/v2\/product_brand?post=8586"},{"taxonomy":"product_cat","embeddable":true,"href":"https:\/\/airomak.net\/en\/wp-json\/wp\/v2\/product_cat?post=8586"},{"taxonomy":"product_tag","embeddable":true,"href":"https:\/\/airomak.net\/en\/wp-json\/wp\/v2\/product_tag?post=8586"}],"curies":[{"name":"wp","href":"https:\/\/api.w.org\/{rel}","templated":true}]}}