{"id":8584,"date":"2025-10-28T15:13:49","date_gmt":"2025-10-28T15:13:49","guid":{"rendered":"https:\/\/airomak.net\/index.php\/product\/solutie-de-curatare-axe-spray-1l\/"},"modified":"2026-01-19T13:38:20","modified_gmt":"2026-01-19T13:38:20","slug":"solutie-de-curatare-axe-spray-1l","status":"publish","type":"product","link":"https:\/\/airomak.net\/en\/product\/solutie-de-curatare-axe-spray-1l\/","title":{"rendered":"Solu\u021bie de cur\u0103\u021bare AXE SPRAY 1L"},"content":{"rendered":"<p>Cur\u0103\u021bitor pentru ma\u0219ini de ghea\u021b\u0103<\/p>\n<p>-\u00cendep\u0103rteaz\u0103 eficient \u0219i \u00een siguran\u021b\u0103 calcarul, mucegaiul, reziduurile, algele \u0219i incrusta\u021biile de pe componentele ma\u0219inii de ghea\u021b\u0103 (tav\u0103, duz\u0103, serpentina \u0219i scurgere).<\/p>\n<p>-Utilizat regulat, previne cre\u0219terea algelor \u0219i a incrusta\u021biilor.<\/p>\n<p>-Necesit\u0103 cl\u0103tire; se recomand\u0103 \u00eendep\u0103rtarea primelor cuburi de ghea\u021b\u0103 produse.<\/p>\n<p>-Formulat cu materii prime f\u0103r\u0103 gust, potrivite pentru contactul indirect cu alimentele.<\/p>","protected":false},"excerpt":{"rendered":"<p>Cur\u0103\u021bitor pentru ma\u0219ini de ghea\u021b\u0103 -\u00cendep\u0103rteaz\u0103 eficient \u0219i \u00een siguran\u021b\u0103 calcarul, mucegaiul, reziduurile, algele \u0219i incrusta\u021biile de pe componentele ma\u0219inii de ghea\u021b\u0103 (tav\u0103, duz\u0103, serpentina \u0219i scurgere). -Utilizat regulat, previne<\/p>","protected":false},"featured_media":8587,"comment_status":"open","ping_status":"closed","template":"","meta":{"_acf_changed":false,"_joinchat":[]},"product_brand":[],"product_cat":[342],"product_tag":[],"class_list":{"0":"post-8584","1":"product","2":"type-product","3":"status-publish","4":"has-post-thumbnail","6":"product_cat-solutii-de-curatare-hvac","8":"first","9":"instock","10":"shipping-taxable","11":"purchasable","12":"product-type-simple"},"acf":[],"jetpack_sharing_enabled":true,"_links":{"self":[{"href":"https:\/\/airomak.net\/en\/wp-json\/wp\/v2\/product\/8584","targetHints":{"allow":["GET"]}}],"collection":[{"href":"https:\/\/airomak.net\/en\/wp-json\/wp\/v2\/product"}],"about":[{"href":"https:\/\/airomak.net\/en\/wp-json\/wp\/v2\/types\/product"}],"replies":[{"embeddable":true,"href":"https:\/\/airomak.net\/en\/wp-json\/wp\/v2\/comments?post=8584"}],"wp:featuredmedia":[{"embeddable":true,"href":"https:\/\/airomak.net\/en\/wp-json\/wp\/v2\/media\/8587"}],"wp:attachment":[{"href":"https:\/\/airomak.net\/en\/wp-json\/wp\/v2\/media?parent=8584"}],"wp:term":[{"taxonomy":"product_brand","embeddable":true,"href":"https:\/\/airomak.net\/en\/wp-json\/wp\/v2\/product_brand?post=8584"},{"taxonomy":"product_cat","embeddable":true,"href":"https:\/\/airomak.net\/en\/wp-json\/wp\/v2\/product_cat?post=8584"},{"taxonomy":"product_tag","embeddable":true,"href":"https:\/\/airomak.net\/en\/wp-json\/wp\/v2\/product_tag?post=8584"}],"curies":[{"name":"wp","href":"https:\/\/api.w.org\/{rel}","templated":true}]}}