{"id":8581,"date":"2025-10-28T15:09:47","date_gmt":"2025-10-28T15:09:47","guid":{"rendered":"https:\/\/airomak.net\/index.php\/product\/solutie-de-curatare-snowplow-1l\/"},"modified":"2026-01-19T13:45:08","modified_gmt":"2026-01-19T13:45:08","slug":"solutie-de-curatare-snowplow-1l","status":"publish","type":"product","link":"https:\/\/airomak.net\/en\/product\/solutie-de-curatare-snowplow-1l\/","title":{"rendered":"Solu\u021bie de cur\u0103\u021bare SNOWPLOW 1L"},"content":{"rendered":"<p>Solu\u021bie de cur\u0103\u021bare pentru medii refrigerate<\/p>\n<p>-\u00cendep\u0103rteaz\u0103 complet \u0219i rapid reziduurile alimentare, gr\u0103simea, incrusta\u021biile \u0219i mucegaiul de pe suprafe\u021bele mediilor refrigerate, inclusiv cele utilizate pentru depozitarea alimentelor (camere frigorifice, frigidere, congelatoare etc.) sau de pe scurgerile camerelor frigorifice.<\/p>\n<p>-\u00cencetine\u0219te dezvoltarea de noi contaminan\u021bi pe suprafe\u021be.<\/p>\n<p>-Utilizarea regulat\u0103 are efect preventiv.<\/p>\n<p>-Necesit\u0103 cl\u0103tire.<\/p>\n<p>-Formulat cu materii prime f\u0103r\u0103 gust, potrivite pentru contactul indirect cu alimentele.<\/p>","protected":false},"excerpt":{"rendered":"<p>Solu\u021bie de cur\u0103\u021bare pentru medii refrigerate -\u00cendep\u0103rteaz\u0103 complet \u0219i rapid reziduurile alimentare, gr\u0103simea, incrusta\u021biile \u0219i mucegaiul de pe suprafe\u021bele mediilor refrigerate, inclusiv cele utilizate pentru depozitarea alimentelor (camere frigorifice, frigidere,<\/p>","protected":false},"featured_media":8583,"comment_status":"open","ping_status":"closed","template":"","meta":{"_acf_changed":false,"_joinchat":[]},"product_brand":[],"product_cat":[342],"product_tag":[],"class_list":{"0":"post-8581","1":"product","2":"type-product","3":"status-publish","4":"has-post-thumbnail","6":"product_cat-solutii-de-curatare-hvac","8":"first","9":"instock","10":"shipping-taxable","11":"purchasable","12":"product-type-simple"},"acf":[],"jetpack_sharing_enabled":true,"_links":{"self":[{"href":"https:\/\/airomak.net\/en\/wp-json\/wp\/v2\/product\/8581","targetHints":{"allow":["GET"]}}],"collection":[{"href":"https:\/\/airomak.net\/en\/wp-json\/wp\/v2\/product"}],"about":[{"href":"https:\/\/airomak.net\/en\/wp-json\/wp\/v2\/types\/product"}],"replies":[{"embeddable":true,"href":"https:\/\/airomak.net\/en\/wp-json\/wp\/v2\/comments?post=8581"}],"wp:featuredmedia":[{"embeddable":true,"href":"https:\/\/airomak.net\/en\/wp-json\/wp\/v2\/media\/8583"}],"wp:attachment":[{"href":"https:\/\/airomak.net\/en\/wp-json\/wp\/v2\/media?parent=8581"}],"wp:term":[{"taxonomy":"product_brand","embeddable":true,"href":"https:\/\/airomak.net\/en\/wp-json\/wp\/v2\/product_brand?post=8581"},{"taxonomy":"product_cat","embeddable":true,"href":"https:\/\/airomak.net\/en\/wp-json\/wp\/v2\/product_cat?post=8581"},{"taxonomy":"product_tag","embeddable":true,"href":"https:\/\/airomak.net\/en\/wp-json\/wp\/v2\/product_tag?post=8581"}],"curies":[{"name":"wp","href":"https:\/\/api.w.org\/{rel}","templated":true}]}}