{"id":8565,"date":"2025-10-28T12:10:08","date_gmt":"2025-10-28T12:10:08","guid":{"rendered":"https:\/\/airomak.net\/index.php\/product\/solutie-de-spalare-alpha-flush-1l\/"},"modified":"2026-01-19T13:48:48","modified_gmt":"2026-01-19T13:48:48","slug":"solutie-de-spalare-alpha-flush-1l","status":"publish","type":"product","link":"https:\/\/airomak.net\/en\/product\/solutie-de-spalare-alpha-flush-1l\/","title":{"rendered":"Solu\u021bie de sp\u0103lare ALPHA FLUSH 1L"},"content":{"rendered":"<p>ALPHA FLUSH este un lichid de sp\u0103lare frigorific neinflamabil, dezvoltat special pentru a fi utilizat cu toate unit\u0103\u021bile automate de sp\u0103lare. Odat\u0103 plasat \u00een rezervoarele unit\u0103\u021bilor de sp\u0103lare, \u00eendep\u0103rteaz\u0103 reziduurile metalice \u0219i lubrifiantul contaminat epuizat r\u0103mas \u00een sistemele AC\/R.<\/p>","protected":false},"excerpt":{"rendered":"<p>ALPHA FLUSH este un lichid de sp\u0103lare frigorific neinflamabil, dezvoltat special pentru a fi utilizat cu toate unit\u0103\u021bile automate de sp\u0103lare. Odat\u0103 plasat \u00een rezervoarele unit\u0103\u021bilor de sp\u0103lare, \u00eendep\u0103rteaz\u0103 reziduurile<\/p>","protected":false},"featured_media":8576,"comment_status":"open","ping_status":"closed","template":"","meta":{"_acf_changed":false,"_joinchat":[]},"product_brand":[],"product_cat":[342],"product_tag":[],"class_list":{"0":"post-8565","1":"product","2":"type-product","3":"status-publish","4":"has-post-thumbnail","6":"product_cat-solutii-de-curatare-hvac","8":"first","9":"instock","10":"shipping-taxable","11":"purchasable","12":"product-type-simple"},"acf":[],"jetpack_sharing_enabled":true,"_links":{"self":[{"href":"https:\/\/airomak.net\/en\/wp-json\/wp\/v2\/product\/8565","targetHints":{"allow":["GET"]}}],"collection":[{"href":"https:\/\/airomak.net\/en\/wp-json\/wp\/v2\/product"}],"about":[{"href":"https:\/\/airomak.net\/en\/wp-json\/wp\/v2\/types\/product"}],"replies":[{"embeddable":true,"href":"https:\/\/airomak.net\/en\/wp-json\/wp\/v2\/comments?post=8565"}],"wp:featuredmedia":[{"embeddable":true,"href":"https:\/\/airomak.net\/en\/wp-json\/wp\/v2\/media\/8576"}],"wp:attachment":[{"href":"https:\/\/airomak.net\/en\/wp-json\/wp\/v2\/media?parent=8565"}],"wp:term":[{"taxonomy":"product_brand","embeddable":true,"href":"https:\/\/airomak.net\/en\/wp-json\/wp\/v2\/product_brand?post=8565"},{"taxonomy":"product_cat","embeddable":true,"href":"https:\/\/airomak.net\/en\/wp-json\/wp\/v2\/product_cat?post=8565"},{"taxonomy":"product_tag","embeddable":true,"href":"https:\/\/airomak.net\/en\/wp-json\/wp\/v2\/product_tag?post=8565"}],"curies":[{"name":"wp","href":"https:\/\/api.w.org\/{rel}","templated":true}]}}