{"id":8210,"date":"2025-10-20T20:17:11","date_gmt":"2025-10-20T20:17:11","guid":{"rendered":"https:\/\/airomak.net\/index.php\/product\/solutie-de-spalare-belnet-5l\/"},"modified":"2026-01-19T13:49:53","modified_gmt":"2026-01-19T13:49:53","slug":"solutie-de-spalare-belnet-5l","status":"publish","type":"product","link":"https:\/\/airomak.net\/en\/product\/solutie-de-spalare-belnet-5l\/","title":{"rendered":"Solu\u021bie de sp\u0103lare BELNET 5L"},"content":{"rendered":"<p>Fluid de sp\u0103lare cu evaporare rapid\u0103 \u2013 ideal pentru cur\u0103\u021barea sistemelor de aer condi\u021bionat \u0219i refrigerare.<\/p>\n<p>Caracteristici:<\/p>\n<p>Se evapor\u0103 rapid \u0219i complet, f\u0103r\u0103 a l\u0103sa reziduuri.<\/p>\n<p>\u00cendep\u0103rteaz\u0103 uleiul vechi, resturile \u0219i contaminan\u021bii.<\/p>\n<p>Sigur pentru toate sistemele de aer condi\u021bionat \u0219i refrigerare.<\/p>\n<p>Necesit\u0103 sisteme manuale sau pneumatice pentru inserare.<\/p>\n<p>Inflamabil.<\/p>","protected":false},"excerpt":{"rendered":"<p>Solu\u021bie de sp\u0103lare cu evaporare rapid\u0103<\/p>","protected":false},"featured_media":8269,"comment_status":"open","ping_status":"closed","template":"","meta":{"_acf_changed":false,"_themeisle_gutenberg_block_has_review":false,"_joinchat":[]},"product_brand":[],"product_cat":[342],"product_tag":[],"class_list":{"0":"post-8210","1":"product","2":"type-product","3":"status-publish","4":"has-post-thumbnail","6":"product_cat-solutii-de-curatare-hvac","8":"first","9":"instock","10":"sale","11":"shipping-taxable","12":"purchasable","13":"product-type-simple"},"acf":[],"jetpack_sharing_enabled":true,"_links":{"self":[{"href":"https:\/\/airomak.net\/en\/wp-json\/wp\/v2\/product\/8210","targetHints":{"allow":["GET"]}}],"collection":[{"href":"https:\/\/airomak.net\/en\/wp-json\/wp\/v2\/product"}],"about":[{"href":"https:\/\/airomak.net\/en\/wp-json\/wp\/v2\/types\/product"}],"replies":[{"embeddable":true,"href":"https:\/\/airomak.net\/en\/wp-json\/wp\/v2\/comments?post=8210"}],"wp:featuredmedia":[{"embeddable":true,"href":"https:\/\/airomak.net\/en\/wp-json\/wp\/v2\/media\/8269"}],"wp:attachment":[{"href":"https:\/\/airomak.net\/en\/wp-json\/wp\/v2\/media?parent=8210"}],"wp:term":[{"taxonomy":"product_brand","embeddable":true,"href":"https:\/\/airomak.net\/en\/wp-json\/wp\/v2\/product_brand?post=8210"},{"taxonomy":"product_cat","embeddable":true,"href":"https:\/\/airomak.net\/en\/wp-json\/wp\/v2\/product_cat?post=8210"},{"taxonomy":"product_tag","embeddable":true,"href":"https:\/\/airomak.net\/en\/wp-json\/wp\/v2\/product_tag?post=8210"}],"curies":[{"name":"wp","href":"https:\/\/api.w.org\/{rel}","templated":true}]}}