{"id":8206,"date":"2025-10-20T19:28:26","date_gmt":"2025-10-20T19:28:26","guid":{"rendered":"https:\/\/airomak.net\/index.php\/product\/solutie-de-clatire-safenet-1l\/"},"modified":"2026-01-19T13:30:22","modified_gmt":"2026-01-19T13:30:22","slug":"solutie-de-clatire-safenet-1l","status":"publish","type":"product","link":"https:\/\/airomak.net\/en\/product\/solutie-de-clatire-safenet-1l\/","title":{"rendered":"Solu\u021bie de cl\u0103tire SAFENET 1L"},"content":{"rendered":"<p>Fluid de cl\u0103tire cu evaporare rapid\u0103<\/p>\n<p>-Neinflamabil.<\/p>\n<p>-Se evapor\u0103 rapid \u0219i complet \u0219i nu las\u0103 reziduuri.<\/p>\n<p>-\u00cendep\u0103rteaz\u0103 uleiul vechi, resturile \u0219i contaminan\u021bii.<\/p>\n<p>-Sigur pentru toate sistemele de aer condi\u021bionat \u0219i refrigerare.<\/p>","protected":false},"excerpt":{"rendered":"<p>Solu\u021bie de cl\u0103tire cu evaporare rapid\u0103<\/p>","protected":false},"featured_media":8254,"comment_status":"open","ping_status":"closed","template":"","meta":{"_acf_changed":false,"_joinchat":[]},"product_brand":[],"product_cat":[342],"product_tag":[],"class_list":{"0":"post-8206","1":"product","2":"type-product","3":"status-publish","4":"has-post-thumbnail","6":"product_cat-solutii-de-curatare-hvac","8":"first","9":"instock","10":"shipping-taxable","11":"purchasable","12":"product-type-simple"},"acf":[],"jetpack_sharing_enabled":true,"_links":{"self":[{"href":"https:\/\/airomak.net\/en\/wp-json\/wp\/v2\/product\/8206","targetHints":{"allow":["GET"]}}],"collection":[{"href":"https:\/\/airomak.net\/en\/wp-json\/wp\/v2\/product"}],"about":[{"href":"https:\/\/airomak.net\/en\/wp-json\/wp\/v2\/types\/product"}],"replies":[{"embeddable":true,"href":"https:\/\/airomak.net\/en\/wp-json\/wp\/v2\/comments?post=8206"}],"wp:featuredmedia":[{"embeddable":true,"href":"https:\/\/airomak.net\/en\/wp-json\/wp\/v2\/media\/8254"}],"wp:attachment":[{"href":"https:\/\/airomak.net\/en\/wp-json\/wp\/v2\/media?parent=8206"}],"wp:term":[{"taxonomy":"product_brand","embeddable":true,"href":"https:\/\/airomak.net\/en\/wp-json\/wp\/v2\/product_brand?post=8206"},{"taxonomy":"product_cat","embeddable":true,"href":"https:\/\/airomak.net\/en\/wp-json\/wp\/v2\/product_cat?post=8206"},{"taxonomy":"product_tag","embeddable":true,"href":"https:\/\/airomak.net\/en\/wp-json\/wp\/v2\/product_tag?post=8206"}],"curies":[{"name":"wp","href":"https:\/\/api.w.org\/{rel}","templated":true}]}}