{"id":8197,"date":"2025-10-20T16:21:27","date_gmt":"2025-10-20T16:21:27","guid":{"rendered":"https:\/\/airomak.net\/index.php\/product\/imbunatatitor-de-frigidere-cool-shot-ultra-white-6ml\/"},"modified":"2026-04-23T08:11:50","modified_gmt":"2026-04-23T08:11:50","slug":"imbunatatitor-de-frigidere-cool-shot-ultra-white-6ml","status":"publish","type":"product","link":"https:\/\/airomak.net\/en\/product\/imbunatatitor-de-frigidere-cool-shot-ultra-white-6ml\/","title":{"rendered":"\u00cembun\u0103t\u0103\u021bitor de frigidere COOL SHOT ULTRA WHITE 6ml"},"content":{"rendered":"<p>\u00cembun\u0103t\u0103\u021bitor de performan\u021b\u0103 pentru frigidere<\/p>\n<p>-Specific pentru compresoarele frigiderelor de uz casnic \u0219i industrial, pivni\u021belor de vinuri, automatelor de v\u00e2nzare, vitrinelor de \u00eenghe\u021bat\u0103 etc., care func\u021bioneaz\u0103 cu R600, R290 \u0219i R134a.<\/p>\n<p>Alegerea profesional\u0103 pentru \u00eentre\u021binerea preventiv\u0103.<\/p>\n<p>-\u00cembun\u0103t\u0103\u021bitor de performan\u021b\u0103 pentru sistemele de aer condi\u021bionat<\/p>\n<p>-Restaureaz\u0103 \u0219i men\u021bine eficien\u021ba original\u0103 a sistemelor de aer condi\u021bionat ale vehiculului.<\/p>\n<p>-\u00cendep\u0103rteaz\u0103 murd\u0103ria cu ulei. Restaureaz\u0103 schimbul de c\u0103ldur\u0103 \u00een conductele de refrigerare.<\/p>\n<p>-Cre\u0219te eficien\u021ba lubrifiantului compresorului f\u0103r\u0103 a provoca modific\u0103ri chimice.<\/p>\n<p>-Prelunge\u0219te durata de via\u021b\u0103 a compresorului \u0219i reduce zgomotul acestuia.<\/p>\n<p>-Reduce costurile de \u00eentre\u021binere ale sistemelor de aer condi\u021bionat.<\/p>\n<p>-Reduce consumul de energie al sistemului \u0219i emisiile de CO2.<\/p>\n<p>-Nu modific\u0103 gazul frigorific.<\/p>\n<p>-Vizibil la expunerea la orice lamp\u0103 UV.<\/p>\n<p>-Compatibil cu vehiculele hibride \u0219i electrice<\/p>","protected":false},"excerpt":{"rendered":"<p>\u00cembun\u0103t\u0103\u021bitor de performan\u021b\u0103 pentru frigidere<\/p>","protected":false},"featured_media":8312,"comment_status":"open","ping_status":"closed","template":"","meta":{"_acf_changed":false,"_themeisle_gutenberg_block_has_review":false,"_joinchat":[]},"product_brand":[],"product_cat":[343],"product_tag":[],"class_list":{"0":"post-8197","1":"product","2":"type-product","3":"status-publish","4":"has-post-thumbnail","6":"product_cat-aditivi-pentru-climatizare","8":"first","9":"instock","10":"shipping-taxable","11":"purchasable","12":"product-type-simple"},"acf":[],"jetpack_sharing_enabled":true,"_links":{"self":[{"href":"https:\/\/airomak.net\/en\/wp-json\/wp\/v2\/product\/8197","targetHints":{"allow":["GET"]}}],"collection":[{"href":"https:\/\/airomak.net\/en\/wp-json\/wp\/v2\/product"}],"about":[{"href":"https:\/\/airomak.net\/en\/wp-json\/wp\/v2\/types\/product"}],"replies":[{"embeddable":true,"href":"https:\/\/airomak.net\/en\/wp-json\/wp\/v2\/comments?post=8197"}],"wp:featuredmedia":[{"embeddable":true,"href":"https:\/\/airomak.net\/en\/wp-json\/wp\/v2\/media\/8312"}],"wp:attachment":[{"href":"https:\/\/airomak.net\/en\/wp-json\/wp\/v2\/media?parent=8197"}],"wp:term":[{"taxonomy":"product_brand","embeddable":true,"href":"https:\/\/airomak.net\/en\/wp-json\/wp\/v2\/product_brand?post=8197"},{"taxonomy":"product_cat","embeddable":true,"href":"https:\/\/airomak.net\/en\/wp-json\/wp\/v2\/product_cat?post=8197"},{"taxonomy":"product_tag","embeddable":true,"href":"https:\/\/airomak.net\/en\/wp-json\/wp\/v2\/product_tag?post=8197"}],"curies":[{"name":"wp","href":"https:\/\/api.w.org\/{rel}","templated":true}]}}