{"id":8195,"date":"2025-10-20T16:12:41","date_gmt":"2025-10-20T16:12:41","guid":{"rendered":"https:\/\/airomak.net\/index.php\/product\/imbunatatitor-de-frigidere-cool-shot-30ml\/"},"modified":"2026-04-23T08:10:37","modified_gmt":"2026-04-23T08:10:37","slug":"imbunatatitor-de-frigidere-cool-shot-30ml","status":"publish","type":"product","link":"https:\/\/airomak.net\/en\/product\/imbunatatitor-de-frigidere-cool-shot-30ml\/","title":{"rendered":"\u00cembun\u0103t\u0103\u021bitor de frigidere COOL SHOT 30ml"},"content":{"rendered":"<p>Cool Shot este un catalizator sintetic care permite aparatelor de aer condi\u021bionat \u0219i unit\u0103\u021bilor de refrigerare s\u0103 func\u021bioneze la performan\u021b\u0103 maxim\u0103 \u0219i, datorit\u0103 acestui fapt, reduce consumul de energie.<\/p>\n<p>Principiu de ac\u021biune: Produsul este alc\u0103tuit din doi catalizatori sintetici \u0219i un agent lubrifiant care permit aparatului de aer condi\u021bionat s\u0103 func\u021bioneze la eficien\u021b\u0103 maxim\u0103.<\/p>\n<p>Avantaje:<\/p>\n<p>\u2022 Reface performan\u021ba aparatelor de aer condi\u021bionat \u0219i a unit\u0103\u021bilor de refrigerare vechi.<\/p>\n<p>\u2022 \u00cembun\u0103t\u0103\u021be\u0219te transferul de c\u0103ldur\u0103 cu 73%.<\/p>\n<p>\u2022 Cre\u0219te performan\u021ba sistemului cu 20-30%.<\/p>\n<p>\u2022 Aer mai rece (aproximativ 2-3 \u00b0C) \u00eentr-un timp mai scurt.<\/p>\n<p>\u2022 \u00cembun\u0103t\u0103\u021be\u0219te capacitatea de lubrifiere a uleiului compresorului cu 54%.<\/p>\n<p>\u2022 Ajut\u0103 la reducerea frec\u0103rii \u00een compresor \u0219i, ca urmare, reduce vibra\u021biile \u0219i zgomotul.<\/p>\n<p>\u2022 Prelunge\u0219te durata de via\u021b\u0103 a instala\u021biei cu 20-50%.<\/p>\n<p>\u2022 Reduce costurile de \u00eentre\u021binere cu 20%.<\/p>\n<p>\u2022 Reduce emisiile de dioxid de carbon.<\/p>\n<p>\u2022 Vedem la ce radia\u021bii UV.<\/p>","protected":false},"excerpt":{"rendered":"<p>\u00cembun\u0103t\u0103\u021bitor de performan\u021b\u0103 pentru frigidere<\/p>","protected":false},"featured_media":8311,"comment_status":"open","ping_status":"closed","template":"","meta":{"_acf_changed":false,"_themeisle_gutenberg_block_has_review":false,"_joinchat":[]},"product_brand":[],"product_cat":[343],"product_tag":[],"class_list":{"0":"post-8195","1":"product","2":"type-product","3":"status-publish","4":"has-post-thumbnail","6":"product_cat-aditivi-pentru-climatizare","8":"first","9":"instock","10":"shipping-taxable","11":"purchasable","12":"product-type-simple"},"acf":[],"jetpack_sharing_enabled":true,"_links":{"self":[{"href":"https:\/\/airomak.net\/en\/wp-json\/wp\/v2\/product\/8195","targetHints":{"allow":["GET"]}}],"collection":[{"href":"https:\/\/airomak.net\/en\/wp-json\/wp\/v2\/product"}],"about":[{"href":"https:\/\/airomak.net\/en\/wp-json\/wp\/v2\/types\/product"}],"replies":[{"embeddable":true,"href":"https:\/\/airomak.net\/en\/wp-json\/wp\/v2\/comments?post=8195"}],"wp:featuredmedia":[{"embeddable":true,"href":"https:\/\/airomak.net\/en\/wp-json\/wp\/v2\/media\/8311"}],"wp:attachment":[{"href":"https:\/\/airomak.net\/en\/wp-json\/wp\/v2\/media?parent=8195"}],"wp:term":[{"taxonomy":"product_brand","embeddable":true,"href":"https:\/\/airomak.net\/en\/wp-json\/wp\/v2\/product_brand?post=8195"},{"taxonomy":"product_cat","embeddable":true,"href":"https:\/\/airomak.net\/en\/wp-json\/wp\/v2\/product_cat?post=8195"},{"taxonomy":"product_tag","embeddable":true,"href":"https:\/\/airomak.net\/en\/wp-json\/wp\/v2\/product_tag?post=8195"}],"curies":[{"name":"wp","href":"https:\/\/api.w.org\/{rel}","templated":true}]}}