{"id":8189,"date":"2025-10-20T15:42:17","date_gmt":"2025-10-20T15:42:17","guid":{"rendered":"https:\/\/airomak.net\/index.php\/product\/solutie-de-curatare-climanet-1l\/"},"modified":"2026-01-19T13:38:41","modified_gmt":"2026-01-19T13:38:41","slug":"solutie-de-curatare-climanet-1l","status":"publish","type":"product","link":"https:\/\/airomak.net\/en\/product\/solutie-de-curatare-climanet-1l\/","title":{"rendered":"Solu\u021bie de cur\u0103\u021bare Climanet 1L"},"content":{"rendered":"<p>Solu\u021bie de cur\u0103\u021bare a filtrelor \u0219i serpentinelor de aer condi\u021bionat pentru evaporatoare \u0219i condensatoare<\/p>\n<p>-Formul\u0103 alcalin\u0103 universal\u0103: eficient\u0103 pentru cur\u0103\u021barea filtrelor de aer condi\u021bionat, a serpentinelor \u0219i a suprafe\u021belor din plastic \u0219i metal ale evaporatoarelor \u0219i condensatoarelor.<\/p>\n<p>-Potrivit pentru cur\u0103\u021barea sistemelor de aer condi\u021bionat, a pompelor de c\u0103ldur\u0103, a serpentinelor ventilatoare \u0219i a suprafe\u021belor centralelor termice.<\/p>\n<p>-\u00cendep\u0103rteaz\u0103 rapid \u0219i eficient praful \u0219i contaminan\u021bii.<\/p>\n<p>-Elimin\u0103 mirosurile nepl\u0103cute cauzate de contaminan\u021bi \u0219i impurit\u0103\u021bi, restabilind calitatea aerului \u0219i l\u0103s\u00e2nd un parfum pl\u0103cut.<\/p>\n<p>-\u00cembun\u0103t\u0103\u021be\u0219te performan\u021ba \u0219i eficien\u021ba sistemului.<\/p>\n<p>-Sigur at\u00e2t pentru suprafe\u021bele din plastic, c\u00e2t \u0219i pentru cele metalice<\/p>\n<p>-Conform planului HACCP.<\/p>","protected":false},"excerpt":{"rendered":"<p>Solu\u021bie de cur\u0103\u021bare a filtrelor \u0219i serpentinelor AC<\/p>","protected":false},"featured_media":8265,"comment_status":"open","ping_status":"closed","template":"","meta":{"_acf_changed":false,"_themeisle_gutenberg_block_has_review":false,"_joinchat":[]},"product_brand":[],"product_cat":[342],"product_tag":[],"class_list":{"0":"post-8189","1":"product","2":"type-product","3":"status-publish","4":"has-post-thumbnail","6":"product_cat-solutii-de-curatare-hvac","8":"first","9":"instock","10":"shipping-taxable","11":"purchasable","12":"product-type-simple"},"acf":[],"jetpack_sharing_enabled":true,"_links":{"self":[{"href":"https:\/\/airomak.net\/en\/wp-json\/wp\/v2\/product\/8189","targetHints":{"allow":["GET"]}}],"collection":[{"href":"https:\/\/airomak.net\/en\/wp-json\/wp\/v2\/product"}],"about":[{"href":"https:\/\/airomak.net\/en\/wp-json\/wp\/v2\/types\/product"}],"replies":[{"embeddable":true,"href":"https:\/\/airomak.net\/en\/wp-json\/wp\/v2\/comments?post=8189"}],"wp:featuredmedia":[{"embeddable":true,"href":"https:\/\/airomak.net\/en\/wp-json\/wp\/v2\/media\/8265"}],"wp:attachment":[{"href":"https:\/\/airomak.net\/en\/wp-json\/wp\/v2\/media?parent=8189"}],"wp:term":[{"taxonomy":"product_brand","embeddable":true,"href":"https:\/\/airomak.net\/en\/wp-json\/wp\/v2\/product_brand?post=8189"},{"taxonomy":"product_cat","embeddable":true,"href":"https:\/\/airomak.net\/en\/wp-json\/wp\/v2\/product_cat?post=8189"},{"taxonomy":"product_tag","embeddable":true,"href":"https:\/\/airomak.net\/en\/wp-json\/wp\/v2\/product_tag?post=8189"}],"curies":[{"name":"wp","href":"https:\/\/api.w.org\/{rel}","templated":true}]}}