{"id":8187,"date":"2025-10-20T15:33:55","date_gmt":"2025-10-20T15:33:55","guid":{"rendered":"https:\/\/airomak.net\/index.php\/product\/pasta-de-protectie-stop-heat\/"},"modified":"2026-02-19T09:18:32","modified_gmt":"2026-02-19T09:18:32","slug":"pasta-de-protectie-stop-heat","status":"publish","type":"product","link":"https:\/\/airomak.net\/en\/product\/pasta-de-protectie-stop-heat\/","title":{"rendered":"Past\u0103 de protec\u021bie STOP HEAT"},"content":{"rendered":"<p>\u00cen timpul opera\u021biunilor de lipire \u0219i brazare, STOPHEAT blocheaz\u0103 conductivitatea c\u0103ldurii, protej\u00e2nd suprafe\u021bele \u0219i prevenind arderea sau deformarea zonelor din jurul punctului de sudur\u0103. Formula sa \u00een past\u0103 ader\u0103 f\u0103r\u0103 a picura, aluneca sau l\u0103sa reziduuri, protej\u00e2nd \u0219i suprafe\u021bele vopsite \u0219i l\u0103cuite \u00eempotriva schimb\u0103rilor de culoare.<\/p>","protected":false},"excerpt":{"rendered":"<p>Pasta de Protectie pentru Lipire si Sudura<\/p>","protected":false},"featured_media":8306,"comment_status":"open","ping_status":"closed","template":"","meta":{"_acf_changed":false,"_joinchat":[]},"product_brand":[],"product_cat":[341],"product_tag":[],"class_list":{"0":"post-8187","1":"product","2":"type-product","3":"status-publish","4":"has-post-thumbnail","6":"product_cat-solutii-pentru-sudura","8":"first","9":"instock","10":"shipping-taxable","11":"purchasable","12":"product-type-simple"},"acf":[],"jetpack_sharing_enabled":true,"_links":{"self":[{"href":"https:\/\/airomak.net\/en\/wp-json\/wp\/v2\/product\/8187","targetHints":{"allow":["GET"]}}],"collection":[{"href":"https:\/\/airomak.net\/en\/wp-json\/wp\/v2\/product"}],"about":[{"href":"https:\/\/airomak.net\/en\/wp-json\/wp\/v2\/types\/product"}],"replies":[{"embeddable":true,"href":"https:\/\/airomak.net\/en\/wp-json\/wp\/v2\/comments?post=8187"}],"wp:featuredmedia":[{"embeddable":true,"href":"https:\/\/airomak.net\/en\/wp-json\/wp\/v2\/media\/8306"}],"wp:attachment":[{"href":"https:\/\/airomak.net\/en\/wp-json\/wp\/v2\/media?parent=8187"}],"wp:term":[{"taxonomy":"product_brand","embeddable":true,"href":"https:\/\/airomak.net\/en\/wp-json\/wp\/v2\/product_brand?post=8187"},{"taxonomy":"product_cat","embeddable":true,"href":"https:\/\/airomak.net\/en\/wp-json\/wp\/v2\/product_cat?post=8187"},{"taxonomy":"product_tag","embeddable":true,"href":"https:\/\/airomak.net\/en\/wp-json\/wp\/v2\/product_tag?post=8187"}],"curies":[{"name":"wp","href":"https:\/\/api.w.org\/{rel}","templated":true}]}}