{"id":8185,"date":"2025-10-20T15:26:14","date_gmt":"2025-10-20T15:26:14","guid":{"rendered":"https:\/\/airomak.net\/index.php\/product\/solutie-pentru-sudura-weld\/"},"modified":"2026-04-29T17:31:19","modified_gmt":"2026-04-29T17:31:19","slug":"solutie-pentru-sudura-weld","status":"publish","type":"product","link":"https:\/\/airomak.net\/en\/product\/solutie-pentru-sudura-weld\/","title":{"rendered":"Solu\u021bie pentru sudur\u0103 Weld+"},"content":{"rendered":"<p>Cur\u0103\u021b\u0103tor \u0219i amplificator pentru sudur\u0103.<\/p>\n<p>\u25a0 Optimizeaz\u0103 \u0219i reduce timpul de sudare \u0219i lipire.<\/p>\n<p>\u25a0 Asigur\u0103 o etan\u0219eitate excelent\u0103 a sudurii.<\/p>\n<p>\u25a0 Asigur\u0103 cur\u0103\u021barea temeinic\u0103 a suprafe\u021belor care urmeaz\u0103 s\u0103 fie sudate.<\/p>\n<p>\u25a0 Las\u0103 o suprafa\u021b\u0103 uscat\u0103 \u0219i f\u0103r\u0103 pete.<\/p>\n<p>\u25a0 U\u0219or de utilizat.<\/p>\n<p>\u25a0 Sigur pentru operator.<\/p>\n<p>\u25a0 Potrivit pentru utilizare pe fier, o\u021bel, cupru,<\/p>\n<p>alam\u0103, aluminiu.<\/p>\n<p>\u25a0 De asemenea, ideal pentru sudarea cuprului \u0219i aliajelor de cupru, a cuprului \u0219i o\u021belului, a aliajelor de cupru \u0219i alam\u0103, a aliajelor de cupru \u0219i bronz, a cuprului \u0219i o\u021belului inoxidabil, a aliajelor de alam\u0103 \u0219i o\u021bel inoxidabil.<\/p>\n<p>PASUL 1 \u2013 Cur\u0103\u021b\u0103tor dezoxidant<\/p>\n<p>\u25a0 \u00cendep\u0103rteaz\u0103 oxizii cauza\u021bi de atmosfer\u0103 (rugin\u0103) \u0219i de sudur\u0103 sau tratamente termice,<\/p>\n<p>calamina de pe metal \u0219i o\u021bel, straturile de oxid \u0219i incrusta\u021biile de orice fel de pe aliaje<\/p>\n<p>precum cuprul \u0219i alama.<\/p>\n<p>\u25a0 Ac\u021biune decapant\u0103.<\/p>\n<p>\u25a0 Protejeaz\u0103 suprafe\u021bele de oxidare timp de aproximativ 90 de minute.<\/p>\n<p>PASUL 2 \u2013 Neutralizator protector<\/p>\n<p>\u25a0 \u00cendep\u0103rteaz\u0103 orice reziduuri rezultate din aplicarea pasului 1 \u0219i din lucr\u0103rile de sudur\u0103<\/p>\n<p>efectuate.<\/p>\n<p>\u25a0 Previne apari\u021bia oxizilor dup\u0103 sudare.<\/p>\n<p>\u25a0 Protejeaz\u0103 metalul de coroziune prin crearea unei pelicule protectoare.<\/p>","protected":false},"excerpt":{"rendered":"<p>Cur\u0103\u021b\u0103tor \u0219i amplificator pentru sudur\u0103. \u25a0 Optimizeaz\u0103 \u0219i reduce timpul de sudare \u0219i lipire. \u25a0 Asigur\u0103 o etan\u0219eitate excelent\u0103 a sudurii. \u25a0 Asigur\u0103 cur\u0103\u021barea temeinic\u0103 a suprafe\u021belor care urmeaz\u0103 s\u0103<\/p>","protected":false},"featured_media":8270,"comment_status":"open","ping_status":"closed","template":"","meta":{"_acf_changed":false,"_themeisle_gutenberg_block_has_review":false,"_joinchat":[]},"product_brand":[],"product_cat":[341],"product_tag":[],"class_list":{"0":"post-8185","1":"product","2":"type-product","3":"status-publish","4":"has-post-thumbnail","6":"product_cat-solutii-pentru-sudura","8":"first","9":"instock","10":"shipping-taxable","11":"purchasable","12":"product-type-simple"},"acf":[],"jetpack_sharing_enabled":true,"_links":{"self":[{"href":"https:\/\/airomak.net\/en\/wp-json\/wp\/v2\/product\/8185","targetHints":{"allow":["GET"]}}],"collection":[{"href":"https:\/\/airomak.net\/en\/wp-json\/wp\/v2\/product"}],"about":[{"href":"https:\/\/airomak.net\/en\/wp-json\/wp\/v2\/types\/product"}],"replies":[{"embeddable":true,"href":"https:\/\/airomak.net\/en\/wp-json\/wp\/v2\/comments?post=8185"}],"wp:featuredmedia":[{"embeddable":true,"href":"https:\/\/airomak.net\/en\/wp-json\/wp\/v2\/media\/8270"}],"wp:attachment":[{"href":"https:\/\/airomak.net\/en\/wp-json\/wp\/v2\/media?parent=8185"}],"wp:term":[{"taxonomy":"product_brand","embeddable":true,"href":"https:\/\/airomak.net\/en\/wp-json\/wp\/v2\/product_brand?post=8185"},{"taxonomy":"product_cat","embeddable":true,"href":"https:\/\/airomak.net\/en\/wp-json\/wp\/v2\/product_cat?post=8185"},{"taxonomy":"product_tag","embeddable":true,"href":"https:\/\/airomak.net\/en\/wp-json\/wp\/v2\/product_tag?post=8185"}],"curies":[{"name":"wp","href":"https:\/\/api.w.org\/{rel}","templated":true}]}}