{"id":8163,"date":"2025-10-20T09:03:02","date_gmt":"2025-10-20T09:03:02","guid":{"rendered":"https:\/\/airomak.net\/index.php\/product\/etansant-pentru-scurgeri-external\/"},"modified":"2026-04-21T11:19:42","modified_gmt":"2026-04-21T11:19:42","slug":"etansant-pentru-scurgeri-external","status":"publish","type":"product","link":"https:\/\/airomak.net\/en\/product\/etansant-pentru-scurgeri-external\/","title":{"rendered":"Etansant pentru scurgeri External"},"content":{"rendered":"<p>Chit extern bicomponent pentru sigilarea scurgerilor de gaz agent frigorific, pentru sisteme de aer condi\u021bionat \u0219i refrigerare<\/p>\n<p>External este un chit gata de utilizare care sigileaz\u0103 scurgerile de gaz agent frigorific de p\u00e2n\u0103 la 5 mm pe componentele din cauciuc \u0219i metal ale sistemelor de aer condi\u021bionat \u0219i refrigerare, inclusiv cele ale vehiculelor.<\/p>\n<p>Este solu\u021bia ideal\u0103 pentru repara\u021bii urgente la sistemele care nu pot fi oprite (camere frigorifice, depozite de medicamente, sisteme de climatizare pentru servere \u0219i centre de date etc.).<\/p>\n<p>Aplicare rapid\u0103 \u0219i u\u0219oar\u0103 pentru o repara\u021bie rapid\u0103 \u0219i permanent\u0103: se amestec\u0103 u\u0219or cu dou\u0103 degete \u0219i, odat\u0103 aplicat, repar\u0103 definitiv scurgerea \u00een 4-5 ore. Dup\u0103 uscare, poate fi \u0219lefuit sau \u00eendep\u0103rtat cu u\u0219urin\u021b\u0103.<\/p>","protected":false},"excerpt":{"rendered":"<p>Chit extern bicomponent pentru sigilarea scurgerilor de gaz agent frigorific, pentru sisteme de aer condi\u021bionat \u0219i refrigerare External este un chit gata de utilizare care sigileaz\u0103 scurgerile de gaz agent<\/p>","protected":false},"featured_media":8313,"comment_status":"open","ping_status":"closed","template":"","meta":{"_acf_changed":false,"_joinchat":[]},"product_brand":[],"product_cat":[338],"product_tag":[],"class_list":{"0":"post-8163","1":"product","2":"type-product","3":"status-publish","4":"has-post-thumbnail","6":"product_cat-aditivi-etansare-micro-scurgeri","8":"first","9":"instock","10":"shipping-taxable","11":"purchasable","12":"product-type-simple"},"acf":[],"jetpack_sharing_enabled":true,"_links":{"self":[{"href":"https:\/\/airomak.net\/en\/wp-json\/wp\/v2\/product\/8163","targetHints":{"allow":["GET"]}}],"collection":[{"href":"https:\/\/airomak.net\/en\/wp-json\/wp\/v2\/product"}],"about":[{"href":"https:\/\/airomak.net\/en\/wp-json\/wp\/v2\/types\/product"}],"replies":[{"embeddable":true,"href":"https:\/\/airomak.net\/en\/wp-json\/wp\/v2\/comments?post=8163"}],"wp:featuredmedia":[{"embeddable":true,"href":"https:\/\/airomak.net\/en\/wp-json\/wp\/v2\/media\/8313"}],"wp:attachment":[{"href":"https:\/\/airomak.net\/en\/wp-json\/wp\/v2\/media?parent=8163"}],"wp:term":[{"taxonomy":"product_brand","embeddable":true,"href":"https:\/\/airomak.net\/en\/wp-json\/wp\/v2\/product_brand?post=8163"},{"taxonomy":"product_cat","embeddable":true,"href":"https:\/\/airomak.net\/en\/wp-json\/wp\/v2\/product_cat?post=8163"},{"taxonomy":"product_tag","embeddable":true,"href":"https:\/\/airomak.net\/en\/wp-json\/wp\/v2\/product_tag?post=8163"}],"curies":[{"name":"wp","href":"https:\/\/api.w.org\/{rel}","templated":true}]}}