{"id":8161,"date":"2025-10-20T08:56:33","date_gmt":"2025-10-20T08:56:33","guid":{"rendered":"https:\/\/airomak.net\/index.php\/product\/oprire-de-scurgeri-fixquick\/"},"modified":"2026-01-19T12:51:57","modified_gmt":"2026-01-19T12:51:57","slug":"oprire-de-scurgeri-fixquick","status":"publish","type":"product","link":"https:\/\/airomak.net\/en\/product\/oprire-de-scurgeri-fixquick\/","title":{"rendered":"Oprire de scurgeri FIXQUICK"},"content":{"rendered":"<p>Ultra-rapid: dureaz\u0103 doar 20 de secunde pentru a repara scurgerile de agent frigorific de p\u00e2n\u0103 la 1 mm.<\/p>\n<p>Rezisten\u021b\u0103 la presiune:<\/p>\n<p>20 de secunde pentru repararea p\u00e2n\u0103 la 20 bar (290 psi)<\/p>\n<p>20 de minute pentru repararea p\u00e2n\u0103 la 50 bar (725 psi)<\/p>\n<p>Rezist\u0103 p\u00e2n\u0103 la 250\u00b0C (482\u00b0F).<\/p>\n<p>U\u0219or de utilizat: PASUL 1 &#8211; lichid cu pensula; PASUL 2 &#8211; pulbere.<\/p>\n<p>Poate fi utilizat pe componente metalice \u0219i din plastic.<\/p>\n<p>Poate fi aplicat pe suprafe\u021be plane, curbate, orizontale sau verticale.<\/p>\n<p>Ideal pentru repara\u021bii urgente.<\/p>\n<p>Ideal pentru repara\u021bii unde sudura nu se poate efectua.<\/p>\n<p>Rezultat permanent.<\/p>\n<p>Vizibil cu orice lamp\u0103 UV: v\u0103 permite s\u0103 identifica\u021bi \u0219i s\u0103 verifica\u021bi starea repara\u021biilor anterioare<\/p>","protected":false},"excerpt":{"rendered":"<p>Stop scurgeri ultra rapide<\/p>","protected":false},"featured_media":8316,"comment_status":"open","ping_status":"closed","template":"","meta":{"_acf_changed":false,"_joinchat":[]},"product_brand":[],"product_cat":[338],"product_tag":[],"class_list":{"0":"post-8161","1":"product","2":"type-product","3":"status-publish","4":"has-post-thumbnail","6":"product_cat-aditivi-etansare-micro-scurgeri","8":"first","9":"instock","10":"shipping-taxable","11":"purchasable","12":"product-type-simple"},"acf":[],"jetpack_sharing_enabled":true,"_links":{"self":[{"href":"https:\/\/airomak.net\/en\/wp-json\/wp\/v2\/product\/8161","targetHints":{"allow":["GET"]}}],"collection":[{"href":"https:\/\/airomak.net\/en\/wp-json\/wp\/v2\/product"}],"about":[{"href":"https:\/\/airomak.net\/en\/wp-json\/wp\/v2\/types\/product"}],"replies":[{"embeddable":true,"href":"https:\/\/airomak.net\/en\/wp-json\/wp\/v2\/comments?post=8161"}],"wp:featuredmedia":[{"embeddable":true,"href":"https:\/\/airomak.net\/en\/wp-json\/wp\/v2\/media\/8316"}],"wp:attachment":[{"href":"https:\/\/airomak.net\/en\/wp-json\/wp\/v2\/media?parent=8161"}],"wp:term":[{"taxonomy":"product_brand","embeddable":true,"href":"https:\/\/airomak.net\/en\/wp-json\/wp\/v2\/product_brand?post=8161"},{"taxonomy":"product_cat","embeddable":true,"href":"https:\/\/airomak.net\/en\/wp-json\/wp\/v2\/product_cat?post=8161"},{"taxonomy":"product_tag","embeddable":true,"href":"https:\/\/airomak.net\/en\/wp-json\/wp\/v2\/product_tag?post=8161"}],"curies":[{"name":"wp","href":"https:\/\/api.w.org\/{rel}","templated":true}]}}