{"id":8121,"date":"2025-10-18T09:38:15","date_gmt":"2025-10-18T09:38:15","guid":{"rendered":"https:\/\/airomak.net\/index.php\/product\/termometru-wt-1\/"},"modified":"2026-04-30T16:44:57","modified_gmt":"2026-04-30T16:44:57","slug":"termometru-wt-1","status":"publish","type":"product","link":"https:\/\/airomak.net\/en\/product\/termometru-wt-1\/","title":{"rendered":"Termometru WT 1"},"content":{"rendered":"<p>Termometru Digital WT 1 cu structur\u0103 \u00een form\u0103 de stilou, sond\u0103 din o\u021bel inoxidabil de 110 mm\/125 mm, m\u0103surare dreapt\u0103, u\u0219or de transportat. Interval larg de m\u0103surare. Potrivit pentru refrigerare, \u00eenc\u0103lzire, procesarea alimentelor etc.<\/p>\n<p>Caracteristici:<\/p>\n<p>\u2022 Interval de m\u0103surare a temperaturii: -50C\u223d+300C<\/p>\n<p>\u2022 Rezolu\u021bie: 0,1C<\/p>\n<p>\u2022 Alimentare: DC1.5V LR44<\/p>\n<p>\u2022 Lungime sond\u0103: 120 mm<\/p>\n<p>\u2022 Dimensiune afi\u0219aj: 21 \u00d7 8 mm<\/p>","protected":false},"excerpt":{"rendered":"<p>Termometru Digital<\/p>","protected":false},"featured_media":8756,"comment_status":"open","ping_status":"closed","template":"","meta":{"_acf_changed":false,"_joinchat":[]},"product_brand":[],"product_cat":[336],"product_tag":[],"class_list":{"0":"post-8121","1":"product","2":"type-product","3":"status-publish","4":"has-post-thumbnail","6":"product_cat-controlere-de-temperatura","8":"first","9":"instock","10":"shipping-taxable","11":"purchasable","12":"product-type-simple"},"acf":[],"jetpack_sharing_enabled":true,"_links":{"self":[{"href":"https:\/\/airomak.net\/en\/wp-json\/wp\/v2\/product\/8121","targetHints":{"allow":["GET"]}}],"collection":[{"href":"https:\/\/airomak.net\/en\/wp-json\/wp\/v2\/product"}],"about":[{"href":"https:\/\/airomak.net\/en\/wp-json\/wp\/v2\/types\/product"}],"replies":[{"embeddable":true,"href":"https:\/\/airomak.net\/en\/wp-json\/wp\/v2\/comments?post=8121"}],"wp:featuredmedia":[{"embeddable":true,"href":"https:\/\/airomak.net\/en\/wp-json\/wp\/v2\/media\/8756"}],"wp:attachment":[{"href":"https:\/\/airomak.net\/en\/wp-json\/wp\/v2\/media?parent=8121"}],"wp:term":[{"taxonomy":"product_brand","embeddable":true,"href":"https:\/\/airomak.net\/en\/wp-json\/wp\/v2\/product_brand?post=8121"},{"taxonomy":"product_cat","embeddable":true,"href":"https:\/\/airomak.net\/en\/wp-json\/wp\/v2\/product_cat?post=8121"},{"taxonomy":"product_tag","embeddable":true,"href":"https:\/\/airomak.net\/en\/wp-json\/wp\/v2\/product_tag?post=8121"}],"curies":[{"name":"wp","href":"https:\/\/api.w.org\/{rel}","templated":true}]}}