{"id":8117,"date":"2025-10-18T09:07:03","date_gmt":"2025-10-18T09:07:03","guid":{"rendered":"https:\/\/airomak.net\/index.php\/product\/termostat-etc-974\/"},"modified":"2026-04-29T17:31:18","modified_gmt":"2026-04-29T17:31:18","slug":"termostat-etc-974","status":"publish","type":"product","link":"https:\/\/airomak.net\/en\/product\/termostat-etc-974\/","title":{"rendered":"Termostat ETC 974"},"content":{"rendered":"<p>Termostatul digital ETC 974 este o solu\u021bie modern\u0103 pentru controlul eficient al temperaturii \u00een locuin\u021ba ta. Controlerul digital de temperatur\u0103 ETC-974 este o solu\u021bie versatil\u0103 \u0219i eficient\u0103 pentru gestionarea proceselor sensibile la temperatur\u0103, at\u00e2t \u00een medii industriale, c\u00e2t \u0219i comerciale.<\/p>\n<p>Caracteristici principale:<\/p>\n<p>\u2022 Alimentare: 230VAC +10%, 50\/60Hz<\/p>\n<p>\u2022 Intervalul de masura a temperaturii: -50C~120C<\/p>\n<p>\u2022 Dezghetari 10A<\/p>\n<p>\u2022 Ventilator 10 A<\/p>\n<p>\u2022 Temperatura ambiental\u0103: -10C~50C<\/p>\n<p>\u2022 Temperatura cabinei: este<\/p>\n<p>\u2022 Temperatura de dezghetare: este<\/p>\n<p>\u2022 Bip soner: este<\/p>\n<p>Specifica\u021bii:<\/p>\n<p>\u2022 Refrigerarea, decongelarea \u0219i controlul ventilatorului multi-mod sunt op\u021bionale:<\/p>\n<p>\u2022 Controlul diferen\u021bei de retur, rezolu\u021bie afi\u0219are temperatur\u0103 0.1C;<\/p>\n<p>\u2022 Func\u021bie de alarm\u0103 multipl\u0103.<\/p>","protected":false},"excerpt":{"rendered":"<p>Termostat Digital<\/p>","protected":false},"featured_media":8324,"comment_status":"open","ping_status":"closed","template":"","meta":{"_acf_changed":false,"_themeisle_gutenberg_block_has_review":false,"_joinchat":[]},"product_brand":[],"product_cat":[336],"product_tag":[],"class_list":{"0":"post-8117","1":"product","2":"type-product","3":"status-publish","4":"has-post-thumbnail","6":"product_cat-controlere-de-temperatura","8":"first","9":"instock","10":"shipping-taxable","11":"purchasable","12":"product-type-simple"},"acf":[],"jetpack_sharing_enabled":true,"_links":{"self":[{"href":"https:\/\/airomak.net\/en\/wp-json\/wp\/v2\/product\/8117","targetHints":{"allow":["GET"]}}],"collection":[{"href":"https:\/\/airomak.net\/en\/wp-json\/wp\/v2\/product"}],"about":[{"href":"https:\/\/airomak.net\/en\/wp-json\/wp\/v2\/types\/product"}],"replies":[{"embeddable":true,"href":"https:\/\/airomak.net\/en\/wp-json\/wp\/v2\/comments?post=8117"}],"wp:featuredmedia":[{"embeddable":true,"href":"https:\/\/airomak.net\/en\/wp-json\/wp\/v2\/media\/8324"}],"wp:attachment":[{"href":"https:\/\/airomak.net\/en\/wp-json\/wp\/v2\/media?parent=8117"}],"wp:term":[{"taxonomy":"product_brand","embeddable":true,"href":"https:\/\/airomak.net\/en\/wp-json\/wp\/v2\/product_brand?post=8117"},{"taxonomy":"product_cat","embeddable":true,"href":"https:\/\/airomak.net\/en\/wp-json\/wp\/v2\/product_cat?post=8117"},{"taxonomy":"product_tag","embeddable":true,"href":"https:\/\/airomak.net\/en\/wp-json\/wp\/v2\/product_tag?post=8117"}],"curies":[{"name":"wp","href":"https:\/\/api.w.org\/{rel}","templated":true}]}}