{"id":7873,"date":"2025-10-14T15:26:36","date_gmt":"2025-10-14T15:26:36","guid":{"rendered":"https:\/\/airomak.net\/index.php\/product\/manometru-ys-89upgrade\/"},"modified":"2026-01-19T12:41:01","modified_gmt":"2026-01-19T12:41:01","slug":"manometru-ys-89upgrade","status":"publish","type":"product","link":"https:\/\/airomak.net\/en\/product\/manometru-ys-89upgrade\/","title":{"rendered":"Manometru YS 89UPGRADE"},"content":{"rendered":"<p>V\u00e2nd manometru 2 ventil YS 89Upgrade de calitate, ideal pentru \u00eenc\u0103rcarea \u0219i verificarea presiunii \u00een instala\u021biile de aer condi\u021bionat \u0219i frigidere. Afi\u0219eaz\u0103 presiunea \u00een PSI \u0219i BAR, indic\u0103 temperatura de evaporare a freonului \u0219i permite lucrul cu mai multe tipuri de refrigeran\u021bi.<br \/>\nYS EAC 89Upgrade<br \/>\nYS QC 105<br \/>\nTP 101<br \/>\nAD 89 &#8211; 2<br \/>\nYS CTV 301<br \/>\nYS OV 557<\/p>\n<p>Set de inele pentru subape<br \/>\nManometru<br \/>\nH &#8211; 30 &#8211; 800 Psi, -1 &#8211; 55 bar<br \/>\nL &#8211; 30 &#8211; 500 Psi, -1 &#8211; 35 bar<br \/>\nTrei furtune 150cm<br \/>\nPressure 600PSI-3000PSI<br \/>\nFilet 1\/4<br \/>\nCompatibil 410a.R22.134a.404a.<\/p>","protected":false},"excerpt":{"rendered":"<p>Manometru<\/p>","protected":false},"featured_media":8360,"comment_status":"open","ping_status":"closed","template":"","meta":{"_acf_changed":false,"_joinchat":[]},"product_brand":[],"product_cat":[233],"product_tag":[],"class_list":{"0":"post-7873","1":"product","2":"type-product","3":"status-publish","4":"has-post-thumbnail","6":"product_cat-manometru","8":"first","9":"instock","10":"shipping-taxable","11":"purchasable","12":"product-type-simple"},"acf":[],"jetpack_sharing_enabled":true,"_links":{"self":[{"href":"https:\/\/airomak.net\/en\/wp-json\/wp\/v2\/product\/7873","targetHints":{"allow":["GET"]}}],"collection":[{"href":"https:\/\/airomak.net\/en\/wp-json\/wp\/v2\/product"}],"about":[{"href":"https:\/\/airomak.net\/en\/wp-json\/wp\/v2\/types\/product"}],"replies":[{"embeddable":true,"href":"https:\/\/airomak.net\/en\/wp-json\/wp\/v2\/comments?post=7873"}],"wp:featuredmedia":[{"embeddable":true,"href":"https:\/\/airomak.net\/en\/wp-json\/wp\/v2\/media\/8360"}],"wp:attachment":[{"href":"https:\/\/airomak.net\/en\/wp-json\/wp\/v2\/media?parent=7873"}],"wp:term":[{"taxonomy":"product_brand","embeddable":true,"href":"https:\/\/airomak.net\/en\/wp-json\/wp\/v2\/product_brand?post=7873"},{"taxonomy":"product_cat","embeddable":true,"href":"https:\/\/airomak.net\/en\/wp-json\/wp\/v2\/product_cat?post=7873"},{"taxonomy":"product_tag","embeddable":true,"href":"https:\/\/airomak.net\/en\/wp-json\/wp\/v2\/product_tag?post=7873"}],"curies":[{"name":"wp","href":"https:\/\/api.w.org\/{rel}","templated":true}]}}