{"id":7857,"date":"2025-10-13T15:54:39","date_gmt":"2025-10-13T15:54:39","guid":{"rendered":"https:\/\/airomak.net\/index.php\/product\/manometru-mg-68-1h\/"},"modified":"2026-04-21T17:49:37","modified_gmt":"2026-04-21T17:49:37","slug":"manometru-mg-68-1h","status":"publish","type":"product","link":"https:\/\/airomak.net\/en\/product\/manometru-mg-68-1h\/","title":{"rendered":"Manometru MG 68 1H"},"content":{"rendered":"<p>Manometru<\/p>","protected":false},"excerpt":{"rendered":"<p>Manometru pentru m\u0103surarea presiunii \u00eenalte \u00een sisteme de aer condi\u021bionat \u0219i refrigerare.<\/p>","protected":false},"featured_media":8365,"comment_status":"open","ping_status":"closed","template":"","meta":{"_acf_changed":false,"_joinchat":[]},"product_brand":[],"product_cat":[233],"product_tag":[],"class_list":{"0":"post-7857","1":"product","2":"type-product","3":"status-publish","4":"has-post-thumbnail","6":"product_cat-manometru","8":"first","9":"instock","10":"shipping-taxable","11":"purchasable","12":"product-type-simple"},"acf":[],"jetpack_sharing_enabled":true,"_links":{"self":[{"href":"https:\/\/airomak.net\/en\/wp-json\/wp\/v2\/product\/7857","targetHints":{"allow":["GET"]}}],"collection":[{"href":"https:\/\/airomak.net\/en\/wp-json\/wp\/v2\/product"}],"about":[{"href":"https:\/\/airomak.net\/en\/wp-json\/wp\/v2\/types\/product"}],"replies":[{"embeddable":true,"href":"https:\/\/airomak.net\/en\/wp-json\/wp\/v2\/comments?post=7857"}],"wp:featuredmedia":[{"embeddable":true,"href":"https:\/\/airomak.net\/en\/wp-json\/wp\/v2\/media\/8365"}],"wp:attachment":[{"href":"https:\/\/airomak.net\/en\/wp-json\/wp\/v2\/media?parent=7857"}],"wp:term":[{"taxonomy":"product_brand","embeddable":true,"href":"https:\/\/airomak.net\/en\/wp-json\/wp\/v2\/product_brand?post=7857"},{"taxonomy":"product_cat","embeddable":true,"href":"https:\/\/airomak.net\/en\/wp-json\/wp\/v2\/product_cat?post=7857"},{"taxonomy":"product_tag","embeddable":true,"href":"https:\/\/airomak.net\/en\/wp-json\/wp\/v2\/product_tag?post=7857"}],"curies":[{"name":"wp","href":"https:\/\/api.w.org\/{rel}","templated":true}]}}