{"id":7825,"date":"2025-10-13T08:35:36","date_gmt":"2025-10-13T08:35:36","guid":{"rendered":"https:\/\/airomak.net\/index.php\/product\/trusa-de-bercuit-st-e809am-l\/"},"modified":"2026-03-16T09:04:55","modified_gmt":"2026-03-16T09:04:55","slug":"trusa-de-bercuit-st-e809am-l","status":"publish","type":"product","link":"https:\/\/airomak.net\/en\/product\/trusa-de-bercuit-st-e809am-l\/","title":{"rendered":"Trus\u0103 de bercuit ST E809AM L"},"content":{"rendered":"<h3>Caracteristici principale:<\/h3>\n<h3> \u2022 Metric: 6 mm, 9 mm, 10 mm, 12 mm, 16 mm, 19 mm.<\/h3>\n<h3> \u2022 Ivch: 1\/4\u201d, 3\/8\u201d, 1\/2\u201d, 5\/8\u201d, 3\/4\u201d<\/h3>\n<h3> \u2022 Mecanism avansat:<\/h3>\n<h3> \u2022 Con excentric conic care se auto-ajusteaz\u0103 pentru o expandare precis\u0103.<\/h3>\n<h3> \u2022 Sistem de prindere dublu cu limitator pentru \u021bevile de cupru, prevenind scurgerile.<\/h3>\n<h3> \u2022 WK 532 &#8211; T\u0103ietor de \u021bevi<\/h3>\n<h3> \u2022 CT 207 &#8211; Debavurator \u021beav\u0103<\/h3>\n<h3> \u2022 M\u00e2ner proiectat pentru confort maxim \u00een utilizare.<\/h3>\n<h3> \u2022 Design circular tip portal pentru manevrabilitate optim\u0103.<\/h3>\n<h3> \u2022 Alimentare<\/h3>\n<h3>\u2022 Baterie litiu-ion de 18V, pentru utilizare \u00eendelungat\u0103 f\u0103r\u0103 cabluri incomode.<\/h3>","protected":false},"excerpt":{"rendered":"<h3>Trus\u0103 de bercuit electric\u0103<\/h3>","protected":false},"featured_media":8383,"comment_status":"open","ping_status":"closed","template":"","meta":{"_acf_changed":false,"_themeisle_gutenberg_block_has_review":false,"_joinchat":[]},"product_brand":[],"product_cat":[226],"product_tag":[],"class_list":{"0":"post-7825","1":"product","2":"type-product","3":"status-publish","4":"has-post-thumbnail","6":"product_cat-trusa-de-bercuit","8":"first","9":"instock","10":"shipping-taxable","11":"purchasable","12":"product-type-simple"},"acf":[],"jetpack_sharing_enabled":true,"_links":{"self":[{"href":"https:\/\/airomak.net\/en\/wp-json\/wp\/v2\/product\/7825","targetHints":{"allow":["GET"]}}],"collection":[{"href":"https:\/\/airomak.net\/en\/wp-json\/wp\/v2\/product"}],"about":[{"href":"https:\/\/airomak.net\/en\/wp-json\/wp\/v2\/types\/product"}],"replies":[{"embeddable":true,"href":"https:\/\/airomak.net\/en\/wp-json\/wp\/v2\/comments?post=7825"}],"wp:featuredmedia":[{"embeddable":true,"href":"https:\/\/airomak.net\/en\/wp-json\/wp\/v2\/media\/8383"}],"wp:attachment":[{"href":"https:\/\/airomak.net\/en\/wp-json\/wp\/v2\/media?parent=7825"}],"wp:term":[{"taxonomy":"product_brand","embeddable":true,"href":"https:\/\/airomak.net\/en\/wp-json\/wp\/v2\/product_brand?post=7825"},{"taxonomy":"product_cat","embeddable":true,"href":"https:\/\/airomak.net\/en\/wp-json\/wp\/v2\/product_cat?post=7825"},{"taxonomy":"product_tag","embeddable":true,"href":"https:\/\/airomak.net\/en\/wp-json\/wp\/v2\/product_tag?post=7825"}],"curies":[{"name":"wp","href":"https:\/\/api.w.org\/{rel}","templated":true}]}}