{"id":7823,"date":"2025-10-13T07:02:40","date_gmt":"2025-10-13T07:02:40","guid":{"rendered":"https:\/\/airomak.net\/index.php\/product\/trusa-de-bercuit-st-e800a\/"},"modified":"2026-02-24T20:43:09","modified_gmt":"2026-02-24T20:43:09","slug":"trusa-de-bercuit-st-e800a","status":"publish","type":"product","link":"https:\/\/airomak.net\/en\/product\/trusa-de-bercuit-st-e800a\/","title":{"rendered":"Trus\u0103 de bercuit ST E800A"},"content":{"rendered":"<ul>\n<li>\n<h3>Trus\u0103 de bercuit ST-E800A, cu baterie Li-Ion \u2013 ideal\u0103 pentru instalatori \u0219i tehnicieni HVAC care caut\u0103 putere, precizie \u0219i mobilitate \u00eentr-un singur dispozitiv.<\/h3>\n<\/li>\n<li>\n<h3>Caracteristici<\/h3>\n<\/li>\n<li>\n<h3> Putere ridicat\u0103 \u2013 motor performant pentru utilizare intensiv\u0103<\/h3>\n<\/li>\n<li>\n<h3>Baterie Li-Ion de 11.1V \u2013 durat\u0103 lung\u0103 de via\u021b\u0103, re\u00eenc\u0103rcabil\u0103<\/h3>\n<\/li>\n<li>\n<h3>Incarcatot<\/h3>\n<\/li>\n<li>\n<h3>Lamp\u0103 LED integrat\u0103 \u2013 vizibilitate optim\u0103 \u00een spa\u021bii \u00eentunecoase<\/h3>\n<\/li>\n<li>\n<h3>Sistem de prindere rapid\u0103 (clamps) \u2013 schimbare u\u0219oar\u0103 a tubului<\/h3>\n<\/li>\n<\/ul>\n<ul>\n<li>\n<h3>Inch: 1\/4\u201d, 3\/8\u201d, 1\/2\u201d, 5\/8 ( 16mm)\u201d, 3\/4( 19mm)\u201d<\/h3>\n<\/li>\n<li>\n<h3>Mertic: 6, 9, 10, 12mm<\/h3>\n<\/li>\n<\/ul>\n<h3> ST 207 &#8211; Debavurator \u021beav\u0103<\/h3>","protected":false},"excerpt":{"rendered":"<h2>Trus\u0103 de bercuit electric\u0103<\/h2>","protected":false},"featured_media":8747,"comment_status":"open","ping_status":"closed","template":"","meta":{"_acf_changed":false,"_themeisle_gutenberg_block_has_review":false,"_joinchat":[]},"product_brand":[],"product_cat":[226],"product_tag":[],"class_list":{"0":"post-7823","1":"product","2":"type-product","3":"status-publish","4":"has-post-thumbnail","6":"product_cat-trusa-de-bercuit","8":"first","9":"instock","10":"shipping-taxable","11":"purchasable","12":"product-type-simple"},"acf":[],"jetpack_sharing_enabled":true,"_links":{"self":[{"href":"https:\/\/airomak.net\/en\/wp-json\/wp\/v2\/product\/7823","targetHints":{"allow":["GET"]}}],"collection":[{"href":"https:\/\/airomak.net\/en\/wp-json\/wp\/v2\/product"}],"about":[{"href":"https:\/\/airomak.net\/en\/wp-json\/wp\/v2\/types\/product"}],"replies":[{"embeddable":true,"href":"https:\/\/airomak.net\/en\/wp-json\/wp\/v2\/comments?post=7823"}],"wp:featuredmedia":[{"embeddable":true,"href":"https:\/\/airomak.net\/en\/wp-json\/wp\/v2\/media\/8747"}],"wp:attachment":[{"href":"https:\/\/airomak.net\/en\/wp-json\/wp\/v2\/media?parent=7823"}],"wp:term":[{"taxonomy":"product_brand","embeddable":true,"href":"https:\/\/airomak.net\/en\/wp-json\/wp\/v2\/product_brand?post=7823"},{"taxonomy":"product_cat","embeddable":true,"href":"https:\/\/airomak.net\/en\/wp-json\/wp\/v2\/product_cat?post=7823"},{"taxonomy":"product_tag","embeddable":true,"href":"https:\/\/airomak.net\/en\/wp-json\/wp\/v2\/product_tag?post=7823"}],"curies":[{"name":"wp","href":"https:\/\/api.w.org\/{rel}","templated":true}]}}