{"id":7821,"date":"2025-10-11T11:35:08","date_gmt":"2025-10-11T11:35:08","guid":{"rendered":"https:\/\/airomak.net\/index.php\/product\/produs-2\/"},"modified":"2026-02-19T09:18:32","modified_gmt":"2026-02-19T09:18:32","slug":"produs-2","status":"publish","type":"product","link":"https:\/\/airomak.net\/en\/product\/produs-2\/","title":{"rendered":"Trus\u0103 de bercuit ST E900A"},"content":{"rendered":"<ul>\n<li>\n<h3>Trus\u0103 de bercuit ST-E900A, cu baterie Li-Ion \u2013 ideal\u0103 pentru instalatori \u0219i tehnicieni HVAC care caut\u0103 putere, precizie \u0219i mobilitate \u00eentr-un singur dispozitiv.<\/h3>\n<\/li>\n<li>\n<h3><\/h3>\n<\/li>\n<li>\n<h3>Caracteristici<\/h3>\n<\/li>\n<li>\n<h3> Putere ridicat\u0103 \u2013 motor performant pentru utilizare intensiv\u0103<\/h3>\n<\/li>\n<li>\n<h3>Baterie Li-Ion de 11.1V \u2013 durat\u0103 lung\u0103 de via\u021b\u0103, re\u00eenc\u0103rcabil\u0103<\/h3>\n<\/li>\n<li>\n<h3>Incarcatot<\/h3>\n<\/li>\n<li>\n<h3>Lamp\u0103 LED integrat\u0103 \u2013 vizibilitate optim\u0103 \u00een spa\u021bii \u00eentunecoase<\/h3>\n<\/li>\n<li>\n<h3>Sistem de prindere rapid\u0103 (clamps) \u2013 schimbare u\u0219oar\u0103 a tubului<\/h3>\n<\/li>\n<\/ul>\n<ul>\n<li>\n<h3>Inch: 1\/4\u201d, 3\/8\u201d, 1\/2\u201d, 5\/8\u201d, 3\/4\u201d<\/h3>\n<\/li>\n<\/ul>\n<h3> ST 207 &#8211; Debavurator \u021beav\u0103<\/h3>","protected":false},"excerpt":{"rendered":"<h2>\n<blockquote><p>Trus\u0103 de bercuit electric\u0103<\/p><\/blockquote>\n<\/h2>","protected":false},"featured_media":8748,"comment_status":"open","ping_status":"closed","template":"","meta":{"_acf_changed":false,"_joinchat":[]},"product_brand":[],"product_cat":[226],"product_tag":[],"class_list":{"0":"post-7821","1":"product","2":"type-product","3":"status-publish","4":"has-post-thumbnail","6":"product_cat-trusa-de-bercuit","8":"first","9":"instock","10":"shipping-taxable","11":"purchasable","12":"product-type-simple"},"acf":[],"jetpack_sharing_enabled":true,"_links":{"self":[{"href":"https:\/\/airomak.net\/en\/wp-json\/wp\/v2\/product\/7821","targetHints":{"allow":["GET"]}}],"collection":[{"href":"https:\/\/airomak.net\/en\/wp-json\/wp\/v2\/product"}],"about":[{"href":"https:\/\/airomak.net\/en\/wp-json\/wp\/v2\/types\/product"}],"replies":[{"embeddable":true,"href":"https:\/\/airomak.net\/en\/wp-json\/wp\/v2\/comments?post=7821"}],"wp:featuredmedia":[{"embeddable":true,"href":"https:\/\/airomak.net\/en\/wp-json\/wp\/v2\/media\/8748"}],"wp:attachment":[{"href":"https:\/\/airomak.net\/en\/wp-json\/wp\/v2\/media?parent=7821"}],"wp:term":[{"taxonomy":"product_brand","embeddable":true,"href":"https:\/\/airomak.net\/en\/wp-json\/wp\/v2\/product_brand?post=7821"},{"taxonomy":"product_cat","embeddable":true,"href":"https:\/\/airomak.net\/en\/wp-json\/wp\/v2\/product_cat?post=7821"},{"taxonomy":"product_tag","embeddable":true,"href":"https:\/\/airomak.net\/en\/wp-json\/wp\/v2\/product_tag?post=7821"}],"curies":[{"name":"wp","href":"https:\/\/api.w.org\/{rel}","templated":true}]}}