{"id":7817,"date":"2025-10-11T09:54:46","date_gmt":"2025-10-11T09:54:46","guid":{"rendered":"https:\/\/airomak.net\/index.php\/product\/trusa-de-bercuit-ef-2lk\/"},"modified":"2026-01-19T14:37:34","modified_gmt":"2026-01-19T14:37:34","slug":"trusa-de-bercuit-ef-2lk","status":"publish","type":"product","link":"https:\/\/airomak.net\/en\/product\/trusa-de-bercuit-ef-2lk\/","title":{"rendered":"Trus\u0103 de bercuit EF 2LK"},"content":{"rendered":"<ul>\n<li>\n<h4>EF 2LK &#8211; Un kit profesional \u0219i complet pentru v\u00e2l\u021buirea \u0219i t\u0103ierea \u021bevilor de cupru. V\u00e2l\u021buirea excentric\u0103 mecanic\u0103 asigur\u0103 lucr\u0103ri precise \u0219i de calitate.<\/h4>\n<\/li>\n<\/ul>\n<ul>\n<li>\n<h4>Caracteristici principale:<br \/>\nInch: 1\/4&#8221;, 5\/16&#8221;, 3\/8&#8221;, 1\/2&#8221;, 5\/8&#8221;, 3\/4<br \/>\n\u2022 HC 32 &#8211; T\u0103ietor de \u021bevi<br \/>\n\u2022 HD 1 \u2013 &#8211; Debavurator \u021beav\u0103<\/h4>\n<\/li>\n<\/ul>\n<h4>\n<ul>\n<li>Con excentric: asigur\u0103 o flan\u0219are uniform\u0103 \u0219i f\u0103r\u0103 fisuri.<\/li>\n<\/ul>\n<\/h4>\n<ul>\n<li>\n<h4>Stoper integrat: permite pozi\u021bionarea corect\u0103 a \u021bevii \u00eenainte de bercuire<\/h4>\n<\/li>\n<\/ul>\n<ul>\n<li>\n<h4>Func\u021bie de revers: faciliteaz\u0103 utilizarea rapid\u0103 \u0219i sigur\u0103<\/h4>\n<\/li>\n<\/ul>\n<ul>\n<li>\n<h4>Compatibilitate electric\u0103: poate fi utilizat\u0103 \u0219i cu aparate electrice speciale.<\/h4>\n<\/li>\n<\/ul>","protected":false},"excerpt":{"rendered":"<p>Un kit profesional \u0219i complet pentru v\u00e2l\u021buirea \u0219i t\u0103ierea \u021bevilor de cupru.<\/p>","protected":false},"featured_media":8731,"comment_status":"open","ping_status":"closed","template":"","meta":{"_acf_changed":false,"_themeisle_gutenberg_block_has_review":false,"_joinchat":[]},"product_brand":[],"product_cat":[226],"product_tag":[],"class_list":{"0":"post-7817","1":"product","2":"type-product","3":"status-publish","4":"has-post-thumbnail","6":"product_cat-trusa-de-bercuit","8":"first","9":"instock","10":"shipping-taxable","11":"purchasable","12":"product-type-simple"},"acf":[],"jetpack_sharing_enabled":true,"_links":{"self":[{"href":"https:\/\/airomak.net\/en\/wp-json\/wp\/v2\/product\/7817","targetHints":{"allow":["GET"]}}],"collection":[{"href":"https:\/\/airomak.net\/en\/wp-json\/wp\/v2\/product"}],"about":[{"href":"https:\/\/airomak.net\/en\/wp-json\/wp\/v2\/types\/product"}],"replies":[{"embeddable":true,"href":"https:\/\/airomak.net\/en\/wp-json\/wp\/v2\/comments?post=7817"}],"wp:featuredmedia":[{"embeddable":true,"href":"https:\/\/airomak.net\/en\/wp-json\/wp\/v2\/media\/8731"}],"wp:attachment":[{"href":"https:\/\/airomak.net\/en\/wp-json\/wp\/v2\/media?parent=7817"}],"wp:term":[{"taxonomy":"product_brand","embeddable":true,"href":"https:\/\/airomak.net\/en\/wp-json\/wp\/v2\/product_brand?post=7817"},{"taxonomy":"product_cat","embeddable":true,"href":"https:\/\/airomak.net\/en\/wp-json\/wp\/v2\/product_cat?post=7817"},{"taxonomy":"product_tag","embeddable":true,"href":"https:\/\/airomak.net\/en\/wp-json\/wp\/v2\/product_tag?post=7817"}],"curies":[{"name":"wp","href":"https:\/\/api.w.org\/{rel}","templated":true}]}}