{"id":7807,"date":"2025-10-10T10:07:18","date_gmt":"2025-10-10T10:07:18","guid":{"rendered":"https:\/\/airomak.net\/index.php\/product\/freon-r507-10kg\/"},"modified":"2026-03-31T19:22:51","modified_gmt":"2026-03-31T19:22:51","slug":"freon-r507-10kg","status":"publish","type":"product","link":"https:\/\/airomak.net\/en\/product\/freon-r507-10kg\/","title":{"rendered":"Freon R507 10kg"},"content":{"rendered":"<p>Refrigerant R507 10 kg. Ideal pentru aplica\u021bii de refrigerare comercial\u0103 \u0219i industrial\u0103. Butelia con\u021bine 10 kg de freon \u0219i este conform\u0103 cu standardele UE. Culoarea buteliei poate varia (verde, albastru, gri etc.), \u00eens\u0103 acest aspect nu afecteaz\u0103 calitatea produsului.<\/p>\n<p>Declara\u021bie de conformitate:<\/p>\n<p>Agentul frigorific este conform cu urm\u0103toarele reglement\u0103ri ale Uniunii Europene:<\/p>\n<p>1. Regulamentul (UE) 2024\/573 al Parlamentului European \u0219i al Consiliului din 7 februarie 2024 privind gazele fluorurate cu efect de ser\u0103, de modificare a Directivei (UE) 2019\/1937 \u0219i de abrogare a Regulamentului (UE) nr. 517\/2014.<\/p>\n<p>Freon R507 10kg este utilizat in sisteme comerciale si industriale de refrigerare. Acest freon R507 10kg ofera performanta stabila si eficienta ridicata.<\/p>","protected":false},"excerpt":{"rendered":"<p>Freon R407c 10kg pentru aer conditionat si refrigerare profesionala.<\/p>\n<p>\u2714 Compatibil cu echipamente comerciale si industriale<br \/>\n\u2714 Eficienta ridicata si performanta stabila<br \/>\n\u2714 Stoc disponibil<br \/>\n\u2714 Livrare rapida in Romania<\/p>","protected":false},"featured_media":8543,"comment_status":"open","ping_status":"closed","template":"","meta":{"_acf_changed":false,"_joinchat":[]},"product_brand":[],"product_cat":[321],"product_tag":[],"class_list":{"0":"post-7807","1":"product","2":"type-product","3":"status-publish","4":"has-post-thumbnail","6":"product_cat-refrigerant","8":"first","9":"instock","10":"sale","11":"shipping-taxable","12":"purchasable","13":"product-type-simple"},"acf":[],"jetpack_sharing_enabled":true,"_links":{"self":[{"href":"https:\/\/airomak.net\/en\/wp-json\/wp\/v2\/product\/7807","targetHints":{"allow":["GET"]}}],"collection":[{"href":"https:\/\/airomak.net\/en\/wp-json\/wp\/v2\/product"}],"about":[{"href":"https:\/\/airomak.net\/en\/wp-json\/wp\/v2\/types\/product"}],"replies":[{"embeddable":true,"href":"https:\/\/airomak.net\/en\/wp-json\/wp\/v2\/comments?post=7807"}],"wp:featuredmedia":[{"embeddable":true,"href":"https:\/\/airomak.net\/en\/wp-json\/wp\/v2\/media\/8543"}],"wp:attachment":[{"href":"https:\/\/airomak.net\/en\/wp-json\/wp\/v2\/media?parent=7807"}],"wp:term":[{"taxonomy":"product_brand","embeddable":true,"href":"https:\/\/airomak.net\/en\/wp-json\/wp\/v2\/product_brand?post=7807"},{"taxonomy":"product_cat","embeddable":true,"href":"https:\/\/airomak.net\/en\/wp-json\/wp\/v2\/product_cat?post=7807"},{"taxonomy":"product_tag","embeddable":true,"href":"https:\/\/airomak.net\/en\/wp-json\/wp\/v2\/product_tag?post=7807"}],"curies":[{"name":"wp","href":"https:\/\/api.w.org\/{rel}","templated":true}]}}