{"id":7805,"date":"2025-10-10T10:01:22","date_gmt":"2025-10-10T10:01:22","guid":{"rendered":"https:\/\/airomak.net\/index.php\/product\/freon-r407c\/"},"modified":"2026-04-22T09:35:29","modified_gmt":"2026-04-22T09:35:29","slug":"freon-r407c","status":"publish","type":"product","link":"https:\/\/airomak.net\/en\/product\/freon-r407c\/","title":{"rendered":"Freon R407c 10kg"},"content":{"rendered":"<p>Refrigerat R407c 10kg<\/p>\n<p>Ideal pentru aplica\u021bii de refrigerare comercial\u0103 \u0219i industrial\u0103. Butelia con\u021bine 10kg de freon \u0219i este conform\u0103 cu standardele UE. Culoarea buteliei poate varia (verde, albastru, gri etc.), \u00eens\u0103 acest aspect nu afecteaz\u0103 calitatea produsului.<\/p>\n<p>Declara\u021bie de conformitate:<\/p>\n<p>Agentul frigorific este conform cu urm\u0103toarele reglement\u0103ri ale Uniunii Europene:<\/p>\n<p>1. Regulamentul (UE) 2024\/573 al Parlamentului European \u0219i al Consiliului din 7 februarie 2024 privind gazele fluorurate cu efect de ser\u0103, de modificare a Directivei (UE) 2019\/1937 \u0219i de abrogare a Regulamentului (UE) nr. 517\/2014.<\/p>","protected":false},"excerpt":{"rendered":"<p>\u2714 Freon R407c 10kg \u2013 pentru aer condi\u021bionat \u0219i refrigerare<br \/>\n\u2714 Compatibil cu echipamente comerciale \u0219i industriale<br \/>\n\u2714 Livrare rapid\u0103 \u00een Rom\u00e2nia<br \/>\n\u2714 Stoc disponibil<\/p>\n<p>Comand\u0103 acum cu livrare rapid\u0103!<\/p>\n<p>Produs conform standardelor UE<\/p>","protected":false},"featured_media":8542,"comment_status":"open","ping_status":"closed","template":"","meta":{"_acf_changed":false,"_joinchat":[]},"product_brand":[],"product_cat":[321],"product_tag":[],"class_list":{"0":"post-7805","1":"product","2":"type-product","3":"status-publish","4":"has-post-thumbnail","6":"product_cat-refrigerant","8":"first","9":"instock","10":"sale","11":"shipping-taxable","12":"purchasable","13":"product-type-simple"},"acf":[],"jetpack_sharing_enabled":true,"_links":{"self":[{"href":"https:\/\/airomak.net\/en\/wp-json\/wp\/v2\/product\/7805","targetHints":{"allow":["GET"]}}],"collection":[{"href":"https:\/\/airomak.net\/en\/wp-json\/wp\/v2\/product"}],"about":[{"href":"https:\/\/airomak.net\/en\/wp-json\/wp\/v2\/types\/product"}],"replies":[{"embeddable":true,"href":"https:\/\/airomak.net\/en\/wp-json\/wp\/v2\/comments?post=7805"}],"wp:featuredmedia":[{"embeddable":true,"href":"https:\/\/airomak.net\/en\/wp-json\/wp\/v2\/media\/8542"}],"wp:attachment":[{"href":"https:\/\/airomak.net\/en\/wp-json\/wp\/v2\/media?parent=7805"}],"wp:term":[{"taxonomy":"product_brand","embeddable":true,"href":"https:\/\/airomak.net\/en\/wp-json\/wp\/v2\/product_brand?post=7805"},{"taxonomy":"product_cat","embeddable":true,"href":"https:\/\/airomak.net\/en\/wp-json\/wp\/v2\/product_cat?post=7805"},{"taxonomy":"product_tag","embeddable":true,"href":"https:\/\/airomak.net\/en\/wp-json\/wp\/v2\/product_tag?post=7805"}],"curies":[{"name":"wp","href":"https:\/\/api.w.org\/{rel}","templated":true}]}}