{"id":7798,"date":"2025-10-10T08:53:21","date_gmt":"2025-10-10T08:53:21","guid":{"rendered":"https:\/\/airomak.net\/index.php\/product\/trusa-de-bercuit-2\/"},"modified":"2026-01-28T12:27:09","modified_gmt":"2026-01-28T12:27:09","slug":"trusa-de-bercuit-2","status":"publish","type":"product","link":"https:\/\/airomak.net\/en\/product\/trusa-de-bercuit-2\/","title":{"rendered":"Trus\u0103 de bercuit ST 806FT L"},"content":{"rendered":"<p>ST 806FT L &#8211; Un kit profesional \u0219i complet pentru v\u00e2l\u021buirea \u0219i t\u0103ierea \u021bevilor de cupru. V\u00e2l\u021buirea excentric\u0103 mecanic\u0103 asigur\u0103 lucr\u0103ri precise \u0219i de calitate.<\/p>\n<p>Caracteristici principale:<br \/>\nInch: 1\/4&#8221;, 5\/16&#8221;, 3\/8&#8221;, 1\/2&#8221;, 5\/8&#8221;, 3\/4<br \/>\nMetric: 6, 9, 10, 12, 16, 19mm<br \/>\n\u2022 ST 532 &#8211; T\u0103ietor de \u021bevi<br \/>\n\u2022 ST 207 &#8211; &#8211; Debavurator \u021beav\u0103<\/p>\n<p>Beneficii:<br \/>\n\u2022 Eficien\u021b\u0103 \u0219i precizie: V\u00e2l\u021buirea excentric\u0103 asigur\u0103 o formare uniform\u0103 \u0219i precis\u0103 a \u021beviilor.<br \/>\n\u2022 Set complet: Include toate uneltele necesare pentru v\u00e2l\u021buirea, t\u0103ierea \u0219i finisarea \u021bevilor de cupru.<br \/>\n\u2022 Durabilitate: Fabricat din materiale de \u00eenalt\u0103 calitate pentru o utilizare \u00eendelungat\u0103.<\/p>","protected":false},"excerpt":{"rendered":"<p>Un kit profesional \u0219i complet pentru v\u00e2l\u021buirea \u0219i t\u0103ierea \u021bevilor de cupru.<\/p>","protected":false},"featured_media":8393,"comment_status":"open","ping_status":"closed","template":"","meta":{"_acf_changed":false,"_themeisle_gutenberg_block_has_review":false,"_joinchat":[]},"product_brand":[],"product_cat":[226],"product_tag":[],"class_list":{"0":"post-7798","1":"product","2":"type-product","3":"status-publish","4":"has-post-thumbnail","6":"product_cat-trusa-de-bercuit","8":"first","9":"instock","10":"shipping-taxable","11":"purchasable","12":"product-type-simple"},"acf":[],"jetpack_sharing_enabled":true,"_links":{"self":[{"href":"https:\/\/airomak.net\/en\/wp-json\/wp\/v2\/product\/7798","targetHints":{"allow":["GET"]}}],"collection":[{"href":"https:\/\/airomak.net\/en\/wp-json\/wp\/v2\/product"}],"about":[{"href":"https:\/\/airomak.net\/en\/wp-json\/wp\/v2\/types\/product"}],"replies":[{"embeddable":true,"href":"https:\/\/airomak.net\/en\/wp-json\/wp\/v2\/comments?post=7798"}],"wp:featuredmedia":[{"embeddable":true,"href":"https:\/\/airomak.net\/en\/wp-json\/wp\/v2\/media\/8393"}],"wp:attachment":[{"href":"https:\/\/airomak.net\/en\/wp-json\/wp\/v2\/media?parent=7798"}],"wp:term":[{"taxonomy":"product_brand","embeddable":true,"href":"https:\/\/airomak.net\/en\/wp-json\/wp\/v2\/product_brand?post=7798"},{"taxonomy":"product_cat","embeddable":true,"href":"https:\/\/airomak.net\/en\/wp-json\/wp\/v2\/product_cat?post=7798"},{"taxonomy":"product_tag","embeddable":true,"href":"https:\/\/airomak.net\/en\/wp-json\/wp\/v2\/product_tag?post=7798"}],"curies":[{"name":"wp","href":"https:\/\/api.w.org\/{rel}","templated":true}]}}