{"id":7794,"date":"2025-10-09T16:01:30","date_gmt":"2025-10-09T16:01:30","guid":{"rendered":"https:\/\/airomak.net\/index.php\/product\/trusa-de-bercuit-ef-2ms\/"},"modified":"2026-01-19T14:37:54","modified_gmt":"2026-01-19T14:37:54","slug":"trusa-de-bercuit-ef-2ms","status":"publish","type":"product","link":"https:\/\/airomak.net\/en\/product\/trusa-de-bercuit-ef-2ms\/","title":{"rendered":"Trus\u0103 de bercuit EF 2MS"},"content":{"rendered":"<p>Trusa de bercuit EF 2 pentru \u021bevi de cupru \u0219i aluminiu. Un instrument profesional pentru deformarea precis\u0103 a \u021beviilor de cupru \u0219i aluminiu cu diametre \u00eentre 6 \u0219i 19<\/p>\n<p>Caracteristici principale:<\/p>\n<p>Compatibilitate: Potrivit\u0103 pentru \u021bevi de cupru \u0219i aluminiu cu diametre de 6, 9, 10, 12, 16, 19mm. Realizat\u0103 din aluminiu de \u00eenalt\u0103 calitate, este un instrument u\u0219or, dar durabil, ce asigur\u0103 o durat\u0103 lung\u0103 de via\u021b\u0103.<\/p>","protected":false},"excerpt":{"rendered":"<p>Trus\u0103 de bercuit EF 2MS pentru \u021bevi de cupru \u0219i aluminiu (6 &#8211; 19mm), realizat\u0103 din aluminiu de \u00eenalt\u0103 calitate.<\/p>","protected":false},"featured_media":8728,"comment_status":"open","ping_status":"closed","template":"","meta":{"_acf_changed":false,"_themeisle_gutenberg_block_has_review":false,"_joinchat":[]},"product_brand":[],"product_cat":[226],"product_tag":[],"class_list":{"0":"post-7794","1":"product","2":"type-product","3":"status-publish","4":"has-post-thumbnail","6":"product_cat-trusa-de-bercuit","8":"first","9":"instock","10":"shipping-taxable","11":"purchasable","12":"product-type-simple"},"acf":[],"jetpack_sharing_enabled":true,"_links":{"self":[{"href":"https:\/\/airomak.net\/en\/wp-json\/wp\/v2\/product\/7794","targetHints":{"allow":["GET"]}}],"collection":[{"href":"https:\/\/airomak.net\/en\/wp-json\/wp\/v2\/product"}],"about":[{"href":"https:\/\/airomak.net\/en\/wp-json\/wp\/v2\/types\/product"}],"replies":[{"embeddable":true,"href":"https:\/\/airomak.net\/en\/wp-json\/wp\/v2\/comments?post=7794"}],"wp:featuredmedia":[{"embeddable":true,"href":"https:\/\/airomak.net\/en\/wp-json\/wp\/v2\/media\/8728"}],"wp:attachment":[{"href":"https:\/\/airomak.net\/en\/wp-json\/wp\/v2\/media?parent=7794"}],"wp:term":[{"taxonomy":"product_brand","embeddable":true,"href":"https:\/\/airomak.net\/en\/wp-json\/wp\/v2\/product_brand?post=7794"},{"taxonomy":"product_cat","embeddable":true,"href":"https:\/\/airomak.net\/en\/wp-json\/wp\/v2\/product_cat?post=7794"},{"taxonomy":"product_tag","embeddable":true,"href":"https:\/\/airomak.net\/en\/wp-json\/wp\/v2\/product_tag?post=7794"}],"curies":[{"name":"wp","href":"https:\/\/api.w.org\/{rel}","templated":true}]}}