{"id":7789,"date":"2025-10-09T14:44:59","date_gmt":"2025-10-09T14:44:59","guid":{"rendered":"https:\/\/airomak.net\/?post_type=product&#038;p=7789"},"modified":"2026-04-07T15:48:51","modified_gmt":"2026-04-07T15:48:51","slug":"produs","status":"publish","type":"product","link":"https:\/\/airomak.net\/en\/product\/produs\/","title":{"rendered":"Trus\u0103 de bercuit ST 806A"},"content":{"rendered":"<p>Trusa de bercuit ST 806A pentru \u021bevi de cupru \u0219i aluminiu. Un instrument profesional pentru deformarea precis\u0103 a \u021beviilor de cupru \u0219i aluminiu cu diametre \u00eentre 1\/4\u201d \u0219i 3\/4\u201d<\/p>\n<p>Caracteristici principale:<\/p>\n<p>Compatibilitate: Potrivit\u0103 pentru \u021bevi de cupru \u0219i aluminiu cu diametre de 1\/4\u201d, 5\/16\u201d, 3\/8\u201d, 1\/2\u201d, 5\/8\u201d, 3\/4\u201d. Realizat\u0103 din aluminiu de \u00eenalt\u0103 calitate, este un instrument u\u0219or, dar durabil, ce asigur\u0103 o durat\u0103 lung\u0103 de via\u021b\u0103.<\/p>","protected":false},"excerpt":{"rendered":"<p>Trus\u0103 profesional\u0103 de bercuit pentru \u021bevi de cupru \u0219i aluminiu (1\/4\u2019\u2019\u20133\/4\u2019\u2019), cu clichet \u0219i limitator, ideal\u0103 pentru instala\u021bii frigorifice \u0219i aer condi\u021bionat<\/p>","protected":false},"featured_media":8282,"comment_status":"open","ping_status":"closed","template":"","meta":{"_acf_changed":false,"_joinchat":[]},"product_brand":[],"product_cat":[226],"product_tag":[],"class_list":{"0":"post-7789","1":"product","2":"type-product","3":"status-publish","4":"has-post-thumbnail","6":"product_cat-trusa-de-bercuit","8":"first","9":"instock","10":"sale","11":"shipping-taxable","12":"purchasable","13":"product-type-simple"},"acf":[],"jetpack_sharing_enabled":true,"_links":{"self":[{"href":"https:\/\/airomak.net\/en\/wp-json\/wp\/v2\/product\/7789","targetHints":{"allow":["GET"]}}],"collection":[{"href":"https:\/\/airomak.net\/en\/wp-json\/wp\/v2\/product"}],"about":[{"href":"https:\/\/airomak.net\/en\/wp-json\/wp\/v2\/types\/product"}],"replies":[{"embeddable":true,"href":"https:\/\/airomak.net\/en\/wp-json\/wp\/v2\/comments?post=7789"}],"wp:featuredmedia":[{"embeddable":true,"href":"https:\/\/airomak.net\/en\/wp-json\/wp\/v2\/media\/8282"}],"wp:attachment":[{"href":"https:\/\/airomak.net\/en\/wp-json\/wp\/v2\/media?parent=7789"}],"wp:term":[{"taxonomy":"product_brand","embeddable":true,"href":"https:\/\/airomak.net\/en\/wp-json\/wp\/v2\/product_brand?post=7789"},{"taxonomy":"product_cat","embeddable":true,"href":"https:\/\/airomak.net\/en\/wp-json\/wp\/v2\/product_cat?post=7789"},{"taxonomy":"product_tag","embeddable":true,"href":"https:\/\/airomak.net\/en\/wp-json\/wp\/v2\/product_tag?post=7789"}],"curies":[{"name":"wp","href":"https:\/\/api.w.org\/{rel}","templated":true}]}}