{"id":7672,"date":"2025-10-08T16:24:57","date_gmt":"2025-10-08T16:24:57","guid":{"rendered":"https:\/\/airomak.net\/?post_type=product&#038;p=7672"},"modified":"2026-04-22T09:31:20","modified_gmt":"2026-04-22T09:31:20","slug":"freon-r134aa","status":"publish","type":"product","link":"https:\/\/airomak.net\/en\/product\/freon-r134aa\/","title":{"rendered":"Freon R134a 12kg"},"content":{"rendered":"<div class=\"flex-1 flex flex-col px-4 max-w-3xl mx-auto w-full pt-1\">\n<div data-test-render-count=\"1\">\n<div class=\"group\">\n<div class=\"contents\">\n<div class=\"group relative relative pb-3\" data-is-streaming=\"false\">\n<div class=\"font-claude-response relative leading-[1.65rem] [&amp;_pre&gt;div]:bg-bg-000\/50 [&amp;_pre&gt;div]:border-0.5 [&amp;_pre&gt;div]:border-border-400 [&amp;_.ignore-pre-bg&gt;div]:bg-transparent [&amp;_.standard-markdown_:is(p,blockquote,h1,h2,h3,h4,h5,h6)]:pl-2 [&amp;_.standard-markdown_:is(p,blockquote,ul,ol,h1,h2,h3,h4,h5,h6)]:pr-8 [&amp;_.progressive-markdown_:is(p,blockquote,h1,h2,h3,h4,h5,h6)]:pl-2 [&amp;_.progressive-markdown_:is(p,blockquote,ul,ol,h1,h2,h3,h4,h5,h6)]:pr-8\">\n<div class=\"standard-markdown grid-cols-1 grid [&amp;_&gt;_*]:min-w-0 gap-3 standard-markdown\">\n<p class=\"font-claude-response-body break-words whitespace-normal leading-[1.7]\">Agent frigorific R134a, ideal pentru echipamente frigorifice comerciale \u0219i industriale. Butelia con\u021bine 12 kg de freon \u0219i este conform\u0103 cu standardele UE. Culoarea buteliei poate varia (verde, albastru, gri etc.), \u00eens\u0103 acest aspect nu afecteaz\u0103 calitatea produsului.<\/p>\n<p class=\"font-claude-response-body break-words whitespace-pre-wrap leading-[1.7]\">Declara\u021bie de conformitate: Agentul frigorific este conform cu urm\u0103toarele reglement\u0103ri ale Uniunii Europene:<\/p>\n<ol class=\"[li_&amp;]:mb-0 [li_&amp;]:mt-1 [li_&amp;]:gap-1 [&amp;:not(:last-child)_ul]:pb-1 [&amp;:not(:last-child)_ol]:pb-1 list-decimal flex flex-col gap-1 pl-8 mb-3\">\n<li class=\"whitespace-normal break-words pl-2\">Regulamentul (UE) 2024\/573 al Parlamentului European \u0219i al Consiliului din 7 februarie 2024 privind gazele fluorurate cu efect de ser\u0103, de modificare a Regulamentului (UE) 2019\/1937 \u0219i de abrogare a Regulamentului (UE) nr. 517\/2014.<\/li>\n<\/ol>\n<p class=\"font-claude-response-body break-words whitespace-normal leading-[1.7]\">Avantajele R134A: Nu distruge stratul de ozon. Eficien\u021b\u0103 termodinamic\u0103 bun\u0103. Non-toxic \u0219i neinflamabil. Stabil chimic \u00een sistemele de r\u0103cire.<\/p>\n<p class=\"font-claude-response-body break-words whitespace-normal leading-[1.7]\">Freon R134a 12kg este utilizat in sisteme de aer conditionat si refrigerare profesionala.<\/p>\n<\/div>\n<\/div>\n<\/div>\n<\/div>\n<div class=\"flex justify-start\" role=\"group\" aria-label=\"Message actions\">\n<div class=\"text-text-300\">\n<div class=\"text-text-300 flex items-stretch justify-between\">\n<div class=\"w-fit\" data-state=\"closed\">\n<div class=\"relative text-text-500 group-hover\/btn:text-text-100\">\n<div class=\"transition-all opacity-100 scale-100\"><\/div>\n<div class=\"absolute top-0 left-0 transition-all opacity-0 scale-50\"><\/div>\n<\/div>\n<\/div>\n<div class=\"w-fit\" data-state=\"closed\">\n<div class=\"text-text-500 group-hover\/btn:text-text-100\"><\/div>\n<\/div>\n<div class=\"w-fit\" data-state=\"closed\">\n<div class=\"text-text-500 group-hover\/btn:text-text-100\"><\/div>\n<\/div>\n<div class=\"flex items-center\">\n<div class=\"w-fit\" data-state=\"closed\">\n<div class=\"text-text-500 group-hover\/btn:text-text-100\"><\/div>\n<\/div>\n<\/div>\n<\/div>\n<\/div>\n<\/div>\n<\/div>\n<\/div>\n<div class=\"h-px w-full pointer-events-none\" aria-hidden=\"true\"><\/div>\n<div>\n<div class=\"ml-1 flex items-center transition-transform duration-300 ease-out mt-6\">\n<div class=\"p-1 -translate-x-px\">\n<div aria-hidden=\"true\">\n<div class=\"w-8 text-accent-brand inline-block select-none\" data-state=\"closed\"><\/div>\n<\/div>\n<\/div>\n<\/div>\n<\/div>\n<div class=\"h-12\"><\/div>\n<div aria-hidden=\"true\"><\/div>\n<\/div>\n<div class=\"sticky bottom-0 mx-auto w-full pt-6 z-[5]\" data-chat-input-container=\"true\">\n<div aria-hidden=\"true\">\n<div class=\"absolute blur-md transition duration-300 pointer-events-none opacity-0 w-8 text-accent-brand inline-block select-none\" data-state=\"closed\"><\/div>\n<\/div>\n<div class=\"mix-blend-luminosity\"><\/div>\n<div>\n<fieldset class=\"flex w-full min-w-0 flex-col\"><input id=\"chat-input-file-upload-bottom\" class=\"absolute -z-10 h-0 w-0 overflow-hidden opacity-0 select-none\" type=\"file\" data-testid=\"file-upload\" aria-hidden=\"true\" aria-label=\"Upload files\" \/><\/p>\n<div class=\"px-3 md:px-2\" data-alert-band-wrapper=\"true\">\n<div role=\"status\" aria-live=\"polite\"><\/div>\n<\/div>\n<div class=\"relative\">\n<div class=\"absolute bottom-0 left-1\/2 -translate-x-1\/2 z-0 pointer-events-none transition-opacity duration-500\" data-testid=\"voice-audio-visualizer\"><\/div>\n<div class=\"!box-content flex flex-col bg-bg-000 mx-2 md:mx-0 items-stretch transition-all duration-200 relative z-10 rounded-[20px] cursor-text relative z-[1] border border-transparent md:w-full shadow-[0_0.25rem_1.25rem_hsl(var(--always-black)\/3.5%),0_0_0_0.5px_hsla(var(--border-300)\/0.15)] hover:shadow-[0_0.25rem_1.25rem_hsl(var(--always-black)\/3.5%),0_0_0_0.5px_hsla(var(--border-200)\/0.3)] focus-within:shadow-[0_0.25rem_1.25rem_hsl(var(--always-black)\/7.5%),0_0_0_0.5px_hsla(var(--border-200)\/0.3)] hover:focus-within:shadow-[0_0.25rem_1.25rem_hsl(var(--always-black)\/7.5%),0_0_0_0.5px_hsla(var(--border-200)\/0.3)]\">\n<div class=\"flex flex-col m-3.5 gap-3\">\n<div class=\"relative\">\n<div class=\"w-full overflow-y-auto font-large break-words transition-opacity duration-200 max-h-96 min-h-[1.5rem] pl-[6px] pt-[6px]\">\n<div class=\"tiptap ProseMirror\" tabindex=\"0\" role=\"textbox\" data-testid=\"chat-input\" aria-label=\"Write your prompt to Claude\" aria-describedby=\"legacy-model-warning-text claude-code-nudge-body\"><\/div>\n<\/div>\n<\/div>\n<div class=\"relative flex gap-2 w-full items-center\">\n<div class=\"relative flex-1 flex items-center shrink min-w-0 gap-1\">\n<div>\n<div><\/div>\n<\/div>\n<div class=\"flex flex-row items-center min-w-0 gap-1\"><\/div>\n<div class=\"text-text-400 text-xs ml-2\"><\/div>\n<\/div>\n<div class=\"transition-all duration-200 ease-out\">\n<div class=\"overflow-hidden shrink-0 p-1 -m-1\">\n<div class=\"opacity-75\"><\/div>\n<\/div>\n<\/div>\n<div class=\"shrink-0 flex items-center w-8 z-10 justify-end\">\n<div>\n<div class=\"flex items-center gap-1 shrink-0\">\n<div class=\"flex items-center rounded-lg transition-colors duration-200\"><\/div>\n<p>&nbsp;<\/p>\n<\/div>\n<\/div>\n<\/div>\n<\/div>\n<\/div>\n<div><\/div>\n<\/div>\n<\/div>\n<\/fieldset>\n<\/div>\n<div class=\"bg-bg-100 text-text-500 text-center text-xs py-2\" role=\"note\" data-disclaimer=\"true\"><\/div>\n<\/div>","protected":false},"excerpt":{"rendered":"<p>Freon R134a 12kg pentru sisteme de aer condi\u021bionat \u0219i refrigerare comercial\u0103. Conform\u0103 cu standardele UE. Disponibil \u00een stoc. Livrare rapid\u0103 \u00een Rom\u00e2nia.<\/p>","protected":false},"featured_media":8539,"comment_status":"open","ping_status":"closed","template":"","meta":{"_acf_changed":false,"_joinchat":[]},"product_brand":[],"product_cat":[321],"product_tag":[],"class_list":{"0":"post-7672","1":"product","2":"type-product","3":"status-publish","4":"has-post-thumbnail","6":"product_cat-refrigerant","8":"first","9":"outofstock","10":"sale","11":"shipping-taxable","12":"purchasable","13":"product-type-simple"},"acf":[],"jetpack_sharing_enabled":true,"_links":{"self":[{"href":"https:\/\/airomak.net\/en\/wp-json\/wp\/v2\/product\/7672","targetHints":{"allow":["GET"]}}],"collection":[{"href":"https:\/\/airomak.net\/en\/wp-json\/wp\/v2\/product"}],"about":[{"href":"https:\/\/airomak.net\/en\/wp-json\/wp\/v2\/types\/product"}],"replies":[{"embeddable":true,"href":"https:\/\/airomak.net\/en\/wp-json\/wp\/v2\/comments?post=7672"}],"wp:featuredmedia":[{"embeddable":true,"href":"https:\/\/airomak.net\/en\/wp-json\/wp\/v2\/media\/8539"}],"wp:attachment":[{"href":"https:\/\/airomak.net\/en\/wp-json\/wp\/v2\/media?parent=7672"}],"wp:term":[{"taxonomy":"product_brand","embeddable":true,"href":"https:\/\/airomak.net\/en\/wp-json\/wp\/v2\/product_brand?post=7672"},{"taxonomy":"product_cat","embeddable":true,"href":"https:\/\/airomak.net\/en\/wp-json\/wp\/v2\/product_cat?post=7672"},{"taxonomy":"product_tag","embeddable":true,"href":"https:\/\/airomak.net\/en\/wp-json\/wp\/v2\/product_tag?post=7672"}],"curies":[{"name":"wp","href":"https:\/\/api.w.org\/{rel}","templated":true}]}}