{"id":7625,"date":"2025-10-07T22:20:32","date_gmt":"2025-10-07T22:20:32","guid":{"rendered":"https:\/\/airomak.net\/?post_type=product&#038;p=7625"},"modified":"2026-01-19T14:55:00","modified_gmt":"2026-01-19T14:55:00","slug":"ulei-pentru-aer-conditionat-auto-2","status":"publish","type":"product","link":"https:\/\/airomak.net\/en\/product\/ulei-pentru-aer-conditionat-auto-2\/","title":{"rendered":"Ulei pentru aer conditionat HFO PAG 46 1L"},"content":{"rendered":"<p>Ulei PAG \u00eembun\u0103t\u0103\u021bit pentru sistemele de climatizare pentru transport care func\u021bioneaz\u0103 cu freon R1234yf, are stabilitate hidrolitic\u0103, stabilitate termic\u0103 ridicat\u0103 \u00een timpul oxid\u0103rii, se dizolv\u0103 bine \u0219i se amestec\u0103 optim cu agentul frigorific R-1234YF.Se utilizeaz\u0103 numai \u00een sistemele de climatizare auto care func\u021bioneaz\u0103 cu noul agent frigorific R-1234YF.<\/p>","protected":false},"excerpt":{"rendered":"<p><span data-sheets-root=\"1\">Ulei pentru aer conditionat auto<\/span><\/p>","protected":false},"featured_media":8662,"comment_status":"open","ping_status":"closed","template":"","meta":{"_acf_changed":false,"_joinchat":[]},"product_brand":[],"product_cat":[339],"product_tag":[],"class_list":{"0":"post-7625","1":"product","2":"type-product","3":"status-publish","4":"has-post-thumbnail","6":"product_cat-ulei-compresoar-ac-si-frigorifice","8":"first","9":"instock","10":"shipping-taxable","11":"purchasable","12":"product-type-simple"},"acf":[],"jetpack_sharing_enabled":true,"_links":{"self":[{"href":"https:\/\/airomak.net\/en\/wp-json\/wp\/v2\/product\/7625","targetHints":{"allow":["GET"]}}],"collection":[{"href":"https:\/\/airomak.net\/en\/wp-json\/wp\/v2\/product"}],"about":[{"href":"https:\/\/airomak.net\/en\/wp-json\/wp\/v2\/types\/product"}],"replies":[{"embeddable":true,"href":"https:\/\/airomak.net\/en\/wp-json\/wp\/v2\/comments?post=7625"}],"wp:featuredmedia":[{"embeddable":true,"href":"https:\/\/airomak.net\/en\/wp-json\/wp\/v2\/media\/8662"}],"wp:attachment":[{"href":"https:\/\/airomak.net\/en\/wp-json\/wp\/v2\/media?parent=7625"}],"wp:term":[{"taxonomy":"product_brand","embeddable":true,"href":"https:\/\/airomak.net\/en\/wp-json\/wp\/v2\/product_brand?post=7625"},{"taxonomy":"product_cat","embeddable":true,"href":"https:\/\/airomak.net\/en\/wp-json\/wp\/v2\/product_cat?post=7625"},{"taxonomy":"product_tag","embeddable":true,"href":"https:\/\/airomak.net\/en\/wp-json\/wp\/v2\/product_tag?post=7625"}],"curies":[{"name":"wp","href":"https:\/\/api.w.org\/{rel}","templated":true}]}}