{"id":7619,"date":"2025-10-07T22:16:45","date_gmt":"2025-10-07T22:16:45","guid":{"rendered":"https:\/\/airomak.net\/?post_type=product&#038;p=7619"},"modified":"2026-04-21T11:07:56","modified_gmt":"2026-04-21T11:07:56","slug":"detector-de-scurgeri-pentru-sistemele-de-racire-ale-vehiculelor","status":"publish","type":"product","link":"https:\/\/airomak.net\/en\/product\/detector-de-scurgeri-pentru-sistemele-de-racire-ale-vehiculelor\/","title":{"rendered":"Detector de scurgeri Brilliant Remover 1L"},"content":{"rendered":"<p>\u00cendep\u0103rt\u0103tor de colorant UV fluorescent<\/p>\n<p>-\u00cendep\u0103rteaz\u0103 reziduurile de colorant UV de pe suprafe\u021be \u0219i unelte care ar fi putut fi implicate \u00een faza de detectare a scurgerilor.<\/p>\n<p>-Evit\u0103 orice localizare fals\u0103 a scurgerilor.<\/p>\n<p>-Nu deterioreaz\u0103 suprafe\u021bele.<\/p>","protected":false},"excerpt":{"rendered":"<p>\u00cendep\u0103rt\u0103tor de colorant<\/p>","protected":false},"featured_media":8395,"comment_status":"open","ping_status":"closed","template":"","meta":{"_acf_changed":false,"_themeisle_gutenberg_block_has_review":false,"_joinchat":[]},"product_brand":[],"product_cat":[337],"product_tag":[],"class_list":{"0":"post-7619","1":"product","2":"type-product","3":"status-publish","4":"has-post-thumbnail","6":"product_cat-aditivi-fluorescenti-si-solutii-de-detectie","8":"first","9":"instock","10":"shipping-taxable","11":"purchasable","12":"product-type-simple"},"acf":[],"jetpack_sharing_enabled":true,"_links":{"self":[{"href":"https:\/\/airomak.net\/en\/wp-json\/wp\/v2\/product\/7619","targetHints":{"allow":["GET"]}}],"collection":[{"href":"https:\/\/airomak.net\/en\/wp-json\/wp\/v2\/product"}],"about":[{"href":"https:\/\/airomak.net\/en\/wp-json\/wp\/v2\/types\/product"}],"replies":[{"embeddable":true,"href":"https:\/\/airomak.net\/en\/wp-json\/wp\/v2\/comments?post=7619"}],"wp:featuredmedia":[{"embeddable":true,"href":"https:\/\/airomak.net\/en\/wp-json\/wp\/v2\/media\/8395"}],"wp:attachment":[{"href":"https:\/\/airomak.net\/en\/wp-json\/wp\/v2\/media?parent=7619"}],"wp:term":[{"taxonomy":"product_brand","embeddable":true,"href":"https:\/\/airomak.net\/en\/wp-json\/wp\/v2\/product_brand?post=7619"},{"taxonomy":"product_cat","embeddable":true,"href":"https:\/\/airomak.net\/en\/wp-json\/wp\/v2\/product_cat?post=7619"},{"taxonomy":"product_tag","embeddable":true,"href":"https:\/\/airomak.net\/en\/wp-json\/wp\/v2\/product_tag?post=7619"}],"curies":[{"name":"wp","href":"https:\/\/api.w.org\/{rel}","templated":true}]}}