{"id":7588,"date":"2025-10-07T21:46:35","date_gmt":"2025-10-07T21:46:35","guid":{"rendered":"https:\/\/airomak.net\/?post_type=product&#038;p=7588"},"modified":"2026-04-21T11:42:00","modified_gmt":"2026-04-21T11:42:00","slug":"etansant-pentru-scurgeri-de-freon-errecom-extreme2-x-30-ml","status":"publish","type":"product","link":"https:\/\/airomak.net\/en\/product\/etansant-pentru-scurgeri-de-freon-errecom-extreme2-x-30-ml\/","title":{"rendered":"Etan\u0219ant pentru scurgeri Extreme 2 x 30 ml"},"content":{"rendered":"<p>Opritor de scurgeri pentru sisteme de aer condi\u021bionat \u0219i refrigerare \u2013 30 \u2013 42 \u2013 60 mL<br \/>\nExtreme este un opritor de scurgeri care repar\u0103 permanent scurgeri de p\u00e2n\u0103 la 0,3 mm de pe componentele din cauciuc \u0219i metal ale sistemelor de aer condi\u021bionat \u0219i refrigerare, inclusiv cele ale vehiculelor.<\/p>\n<p>Formul\u0103 extrem de sigur\u0103: Extreme nu con\u021bine polimeri, prin urmare nu reac\u021bioneaz\u0103 cu umiditatea \u0219i oxigenul \u0219i nu \u00eenfund\u0103 sistemele de aer condi\u021bionat \u0219i refrigerare.<\/p>\n<p>Extreme este compatibil cu to\u021bi lubrifian\u021bii de refrigerare \u0219i gazele frigorifice, inclusiv R12, R134a, R1234yf, CFC, HFC, HCFC, R32 \u0219i HFO, cu excep\u021bia R717 (amoniac).<\/p>\n<p>Este solu\u021bia ideal\u0103 pentru repararea scurgerilor de gaz frigorific chiar \u0219i \u00een sistemele de aer condi\u021bionat ale vehiculelor hibride \u0219i electrice.<\/p>","protected":false},"excerpt":{"rendered":"<p>Etan\u0219ant pentru scurgeri de freon: Errecom Extreme2 x 30 ml<\/p>","protected":false},"featured_media":8442,"comment_status":"open","ping_status":"closed","template":"","meta":{"_acf_changed":false,"_themeisle_gutenberg_block_has_review":false,"_joinchat":[]},"product_brand":[],"product_cat":[338],"product_tag":[],"class_list":{"0":"post-7588","1":"product","2":"type-product","3":"status-publish","4":"has-post-thumbnail","6":"product_cat-aditivi-etansare-micro-scurgeri","8":"first","9":"instock","10":"shipping-taxable","11":"purchasable","12":"product-type-simple"},"acf":[],"jetpack_sharing_enabled":true,"_links":{"self":[{"href":"https:\/\/airomak.net\/en\/wp-json\/wp\/v2\/product\/7588","targetHints":{"allow":["GET"]}}],"collection":[{"href":"https:\/\/airomak.net\/en\/wp-json\/wp\/v2\/product"}],"about":[{"href":"https:\/\/airomak.net\/en\/wp-json\/wp\/v2\/types\/product"}],"replies":[{"embeddable":true,"href":"https:\/\/airomak.net\/en\/wp-json\/wp\/v2\/comments?post=7588"}],"wp:featuredmedia":[{"embeddable":true,"href":"https:\/\/airomak.net\/en\/wp-json\/wp\/v2\/media\/8442"}],"wp:attachment":[{"href":"https:\/\/airomak.net\/en\/wp-json\/wp\/v2\/media?parent=7588"}],"wp:term":[{"taxonomy":"product_brand","embeddable":true,"href":"https:\/\/airomak.net\/en\/wp-json\/wp\/v2\/product_brand?post=7588"},{"taxonomy":"product_cat","embeddable":true,"href":"https:\/\/airomak.net\/en\/wp-json\/wp\/v2\/product_cat?post=7588"},{"taxonomy":"product_tag","embeddable":true,"href":"https:\/\/airomak.net\/en\/wp-json\/wp\/v2\/product_tag?post=7588"}],"curies":[{"name":"wp","href":"https:\/\/api.w.org\/{rel}","templated":true}]}}