{"id":7554,"date":"2025-10-07T20:36:13","date_gmt":"2025-10-07T20:36:13","guid":{"rendered":"https:\/\/airomak.net\/?post_type=product&#038;p=7554"},"modified":"2026-04-17T12:19:06","modified_gmt":"2026-04-17T12:19:06","slug":"arzator-pentru-sudura-3","status":"publish","type":"product","link":"https:\/\/airomak.net\/en\/product\/arzator-pentru-sudura-3\/","title":{"rendered":"Arz\u0103tor WG 964"},"content":{"rendered":"<p>Aparat de sudur\u0103 WG 964<br \/>\nUn pistolet de sudur\u0103 pe gaz care utilizeaz\u0103 gaz MAPP este un instrument utilizat pentru sudarea, lipirea sau topirea metalelor \u0219i a altor materiale. Func\u021bioneaz\u0103 folosind gaz combustibil MAPP, care const\u0103 din propan, metilacetilen\u0103 \u0219i propadion\u0103. Un pistolet de sudur\u0103 pe gaz care utilizeaz\u0103 gaz MAPP are de obicei un debit de gaz reglabil \u0219i o supap\u0103 pentru reglarea nivelului fl\u0103c\u0103rii. Poate avea \u0219i duze suplimentare pentru a crea diferite forme \u0219i dimensiuni ale fl\u0103c\u0103rilor, \u00een func\u021bie de sarcin\u0103. Gazul MAPP este utilizat \u00een pistoletele de sudur\u0103 pe gaz deoarece are o temperatur\u0103 de ardere mai mare dec\u00e2t propanul obi\u0219nuit, ceea ce permite o \u00eenc\u0103lzire mai rapid\u0103 a materialelor. Cu toate acestea, este important s\u0103 ne amintim c\u0103 gazul MAPP este mai scump \u0219i mai pu\u021bin disponibil dec\u00e2t alte gaze, cum ar fi propanul, iar utilizarea sa necesit\u0103 respectarea tuturor m\u0103surilor de siguran\u021b\u0103 corespunz\u0103toare.<\/p>\n<p>&nbsp;<\/p>","protected":false},"excerpt":{"rendered":"<p><span data-sheets-root=\"1\">Arzator pentru sudura <\/span><\/p>","protected":false},"featured_media":8447,"comment_status":"open","ping_status":"closed","template":"","meta":{"_acf_changed":false,"_themeisle_gutenberg_block_has_review":false,"_joinchat":[]},"product_brand":[],"product_cat":[335],"product_tag":[],"class_list":{"0":"post-7554","1":"product","2":"type-product","3":"status-publish","4":"has-post-thumbnail","6":"product_cat-torte-si-arzatoare-pentru-sudura","8":"first","9":"instock","10":"shipping-taxable","11":"purchasable","12":"product-type-simple"},"acf":[],"jetpack_sharing_enabled":true,"_links":{"self":[{"href":"https:\/\/airomak.net\/en\/wp-json\/wp\/v2\/product\/7554","targetHints":{"allow":["GET"]}}],"collection":[{"href":"https:\/\/airomak.net\/en\/wp-json\/wp\/v2\/product"}],"about":[{"href":"https:\/\/airomak.net\/en\/wp-json\/wp\/v2\/types\/product"}],"replies":[{"embeddable":true,"href":"https:\/\/airomak.net\/en\/wp-json\/wp\/v2\/comments?post=7554"}],"wp:featuredmedia":[{"embeddable":true,"href":"https:\/\/airomak.net\/en\/wp-json\/wp\/v2\/media\/8447"}],"wp:attachment":[{"href":"https:\/\/airomak.net\/en\/wp-json\/wp\/v2\/media?parent=7554"}],"wp:term":[{"taxonomy":"product_brand","embeddable":true,"href":"https:\/\/airomak.net\/en\/wp-json\/wp\/v2\/product_brand?post=7554"},{"taxonomy":"product_cat","embeddable":true,"href":"https:\/\/airomak.net\/en\/wp-json\/wp\/v2\/product_cat?post=7554"},{"taxonomy":"product_tag","embeddable":true,"href":"https:\/\/airomak.net\/en\/wp-json\/wp\/v2\/product_tag?post=7554"}],"curies":[{"name":"wp","href":"https:\/\/api.w.org\/{rel}","templated":true}]}}