{"id":7552,"date":"2025-10-07T20:34:48","date_gmt":"2025-10-07T20:34:48","guid":{"rendered":"https:\/\/airomak.net\/?post_type=product&#038;p=7552"},"modified":"2026-04-17T11:36:58","modified_gmt":"2026-04-17T11:36:58","slug":"arzator-pentru-sudura-2","status":"publish","type":"product","link":"https:\/\/airomak.net\/en\/product\/arzator-pentru-sudura-2\/","title":{"rendered":"Arz\u0103tor WG 952"},"content":{"rendered":"<p>Arzator pentru sudura  WG 952 &#8211; o unealt\u0103 pentru lipirea pieselor metalice, convenabil\u0103 pentru utilizare \u00een locuri unde nu exist\u0103 alimentare cu energie electric\u0103, deoarece func\u021bioneaz\u0103 dintr-o canistr\u0103 de gaz (propan-butan, izobutan). Ciocanul de lipit cu gaz are acela\u0219i scop ca o tor\u021b\u0103 de lipit \u0219i dureaz\u0103 doar 3 secunde pentru a atinge temperatura necesar\u0103 pentru lucru.<\/p>\n<p>Parametri<br \/>\nAprindere piezo<br \/>\nLipire cu aliaje de lipit tari \u0219i moi<br \/>\nFlac\u0103r\u0103 turbionar\u0103<br \/>\nDuza din o\u021bel inoxidabil cu un unghi de rota\u021bie de 360\u00b0<br \/>\nReglarea fl\u0103c\u0103rii<br \/>\nCompact\u0103, v\u0103 permite s\u0103 lucra\u021bi \u00eentr-un spa\u021biu limitat<br \/>\nPutere termic\u0103 3,79 kW<br \/>\nTimp de lucru pe canistr\u0103 2,5 ore<br \/>\nTimp de lipire 45 de secunde<\/p>","protected":false},"excerpt":{"rendered":"<p><span data-sheets-root=\"1\">Arzator pentru sudura <\/span><\/p>","protected":false},"featured_media":8446,"comment_status":"open","ping_status":"closed","template":"","meta":{"_acf_changed":false,"_themeisle_gutenberg_block_has_review":false,"_joinchat":[]},"product_brand":[],"product_cat":[335],"product_tag":[],"class_list":{"0":"post-7552","1":"product","2":"type-product","3":"status-publish","4":"has-post-thumbnail","6":"product_cat-torte-si-arzatoare-pentru-sudura","8":"first","9":"instock","10":"shipping-taxable","11":"purchasable","12":"product-type-simple"},"acf":[],"jetpack_sharing_enabled":true,"_links":{"self":[{"href":"https:\/\/airomak.net\/en\/wp-json\/wp\/v2\/product\/7552","targetHints":{"allow":["GET"]}}],"collection":[{"href":"https:\/\/airomak.net\/en\/wp-json\/wp\/v2\/product"}],"about":[{"href":"https:\/\/airomak.net\/en\/wp-json\/wp\/v2\/types\/product"}],"replies":[{"embeddable":true,"href":"https:\/\/airomak.net\/en\/wp-json\/wp\/v2\/comments?post=7552"}],"wp:featuredmedia":[{"embeddable":true,"href":"https:\/\/airomak.net\/en\/wp-json\/wp\/v2\/media\/8446"}],"wp:attachment":[{"href":"https:\/\/airomak.net\/en\/wp-json\/wp\/v2\/media?parent=7552"}],"wp:term":[{"taxonomy":"product_brand","embeddable":true,"href":"https:\/\/airomak.net\/en\/wp-json\/wp\/v2\/product_brand?post=7552"},{"taxonomy":"product_cat","embeddable":true,"href":"https:\/\/airomak.net\/en\/wp-json\/wp\/v2\/product_cat?post=7552"},{"taxonomy":"product_tag","embeddable":true,"href":"https:\/\/airomak.net\/en\/wp-json\/wp\/v2\/product_tag?post=7552"}],"curies":[{"name":"wp","href":"https:\/\/api.w.org\/{rel}","templated":true}]}}